{"id":11983,"date":"2021-10-05T11:57:22","date_gmt":"2021-10-05T11:57:22","guid":{"rendered":"https:\/\/www.windxtreme.eu\/?post_type=product&#038;p=11983"},"modified":"2023-05-02T07:48:49","modified_gmt":"2023-05-02T07:48:49","slug":"polarwind-junior-wall","status":"publish","type":"product","link":"https:\/\/www.windxtreme.eu\/en\/producto\/polarwind-junior-wall\/","title":{"rendered":"POLARWIND JUNIOR WALL"},"content":{"rendered":"","protected":false},"excerpt":{"rendered":"<p>POLARWIND ofrece una alta protecci\u00f3n contra el fr\u00edo respetando el medio ambiente. Formado por un tejido polar reciclado unido a un Wind. El POLARWIND es ideal para practicar tus actividades al aire libre. Ideal para ni\u00f1os de 9 a 13 a\u00f1os.<\/p>\n<p>EL POLAR RECICLADO MANTIENE LA TEMPERATURA CORPORAL Y COMBATE LA P\u00c9RDIDA DE CALOR.<\/p>\n<p>\u2013 Respeta el medio ambiente<br \/>\n&#8211; Transpirable<br \/>\n&#8211; Protecci\u00f3n contra el fr\u00edo<br \/>\n&#8211; Extremadamente ligero, el\u00e1stico y suave.<br \/>\n&#8211; Anti-peeling por las dos caras.<br \/>\n&#8211; Fabricado 100% a partir de poli\u00e9ster reciclado (provinente de botellas de pl\u00e1stico recicladas).<br \/>\n\u2013 Tratamiento Sanitized\u00ae AG, una protecci\u00f3n eficaz contra las bacterias y los olores desagradables, mantiene la prenda limpia durante m\u00e1s tiempo<\/p>\n<p>Dise\u00f1ado y fabricado en Barcelona<\/p>\n","protected":false},"featured_media":15645,"template":"","meta":[],"product_cat":[262,127],"product_tag":[],"yoast_head":"<!-- This site is optimized with the Yoast SEO plugin v22.8 - https:\/\/yoast.com\/wordpress\/plugins\/seo\/ -->\n<title>POLARWIND JUNIOR WALL - Wind x-treme<\/title>\n<meta name=\"robots\" content=\"index, follow, max-snippet:-1, max-image-preview:large, max-video-preview:-1\" \/>\n<link rel=\"canonical\" href=\"https:\/\/www.windxtreme.eu\/producto\/polarwind-junior-wall\/\" \/>\n<meta property=\"og:locale\" content=\"en_US\" \/>\n<meta property=\"og:type\" content=\"article\" \/>\n<meta property=\"og:title\" content=\"POLARWIND JUNIOR WALL - Wind x-treme\" \/>\n<meta property=\"og:description\" content=\"POLARWIND ofrece una alta protecci\u00f3n contra el fr\u00edo respetando el medio ambiente. Formado por un tejido polar reciclado unido a un Wind. El POLARWIND es ideal para practicar tus actividades al aire libre. Ideal para ni\u00f1os de 9 a 13 a\u00f1os.  EL POLAR RECICLADO MANTIENE LA TEMPERATURA CORPORAL Y COMBATE LA P\u00c9RDIDA DE CALOR.  \u2013 Respeta el medio ambiente - Transpirable - Protecci\u00f3n contra el fr\u00edo - Extremadamente ligero, el\u00e1stico y suave. - Anti-peeling por las dos caras. - Fabricado 100% a partir de poli\u00e9ster reciclado (provinente de botellas de pl\u00e1stico recicladas). \u2013 Tratamiento Sanitized\u00ae AG, una protecci\u00f3n eficaz contra las bacterias y los olores desagradables, mantiene la prenda limpia durante m\u00e1s tiempo  Dise\u00f1ado y fabricado en Barcelona\" \/>\n<meta property=\"og:url\" content=\"https:\/\/www.windxtreme.eu\/producto\/polarwind-junior-wall\/\" \/>\n<meta property=\"og:site_name\" content=\"Wind x-treme\" \/>\n<meta property=\"article:modified_time\" content=\"2023-05-02T07:48:49+00:00\" \/>\n<meta property=\"og:image\" content=\"https:\/\/www.windxtreme.eu\/wp-content\/uploads\/2022\/06\/WDX2346-copia-2.jpg\" \/>\n\t<meta property=\"og:image:width\" content=\"1000\" \/>\n\t<meta property=\"og:image:height\" content=\"1000\" \/>\n\t<meta property=\"og:image:type\" content=\"image\/jpeg\" \/>\n<meta name=\"twitter:card\" content=\"summary_large_image\" \/>\n<script type=\"application\/ld+json\" class=\"yoast-schema-graph\">{\"@context\":\"https:\/\/schema.org\",\"@graph\":[{\"@type\":\"WebPage\",\"@id\":\"https:\/\/www.windxtreme.eu\/producto\/polarwind-junior-wall\/\",\"url\":\"https:\/\/www.windxtreme.eu\/producto\/polarwind-junior-wall\/\",\"name\":\"POLARWIND JUNIOR WALL - Wind x-treme\",\"isPartOf\":{\"@id\":\"https:\/\/www.windxtreme.eu\/#website\"},\"primaryImageOfPage\":{\"@id\":\"https:\/\/www.windxtreme.eu\/producto\/polarwind-junior-wall\/#primaryimage\"},\"image\":{\"@id\":\"https:\/\/www.windxtreme.eu\/producto\/polarwind-junior-wall\/#primaryimage\"},\"thumbnailUrl\":\"https:\/\/www.windxtreme.eu\/wp-content\/uploads\/2022\/06\/WDX2346-copia-2.jpg\",\"datePublished\":\"2021-10-05T11:57:22+00:00\",\"dateModified\":\"2023-05-02T07:48:49+00:00\",\"breadcrumb\":{\"@id\":\"https:\/\/www.windxtreme.eu\/producto\/polarwind-junior-wall\/#breadcrumb\"},\"inLanguage\":\"en-US\",\"potentialAction\":[{\"@type\":\"ReadAction\",\"target\":[\"https:\/\/www.windxtreme.eu\/producto\/polarwind-junior-wall\/\"]}]},{\"@type\":\"ImageObject\",\"inLanguage\":\"en-US\",\"@id\":\"https:\/\/www.windxtreme.eu\/producto\/polarwind-junior-wall\/#primaryimage\",\"url\":\"https:\/\/www.windxtreme.eu\/wp-content\/uploads\/2022\/06\/WDX2346-copia-2.jpg\",\"contentUrl\":\"https:\/\/www.windxtreme.eu\/wp-content\/uploads\/2022\/06\/WDX2346-copia-2.jpg\",\"width\":1000,\"height\":1000},{\"@type\":\"BreadcrumbList\",\"@id\":\"https:\/\/www.windxtreme.eu\/producto\/polarwind-junior-wall\/#breadcrumb\",\"itemListElement\":[{\"@type\":\"ListItem\",\"position\":1,\"name\":\"Portada\",\"item\":\"https:\/\/www.windxtreme.eu\/\"},{\"@type\":\"ListItem\",\"position\":2,\"name\":\"Shop\",\"item\":\"https:\/\/www.windxtreme.eu\/en\/shop-2\/\"},{\"@type\":\"ListItem\",\"position\":3,\"name\":\"POLARWIND JUNIOR WALL\"}]},{\"@type\":\"WebSite\",\"@id\":\"https:\/\/www.windxtreme.eu\/#website\",\"url\":\"https:\/\/www.windxtreme.eu\/\",\"name\":\"Wind x-treme\",\"description\":\"Neckwarmers, hats and headwear\",\"potentialAction\":[{\"@type\":\"SearchAction\",\"target\":{\"@type\":\"EntryPoint\",\"urlTemplate\":\"https:\/\/www.windxtreme.eu\/?s={search_term_string}\"},\"query-input\":\"required name=search_term_string\"}],\"inLanguage\":\"en-US\"}]}<\/script>\n<!-- \/ Yoast SEO plugin. -->","yoast_head_json":{"title":"POLARWIND JUNIOR WALL - Wind x-treme","robots":{"index":"index","follow":"follow","max-snippet":"max-snippet:-1","max-image-preview":"max-image-preview:large","max-video-preview":"max-video-preview:-1"},"canonical":"https:\/\/www.windxtreme.eu\/producto\/polarwind-junior-wall\/","og_locale":"en_US","og_type":"article","og_title":"POLARWIND JUNIOR WALL - Wind x-treme","og_description":"POLARWIND ofrece una alta protecci\u00f3n contra el fr\u00edo respetando el medio ambiente. Formado por un tejido polar reciclado unido a un Wind. El POLARWIND es ideal para practicar tus actividades al aire libre. Ideal para ni\u00f1os de 9 a 13 a\u00f1os.  EL POLAR RECICLADO MANTIENE LA TEMPERATURA CORPORAL Y COMBATE LA P\u00c9RDIDA DE CALOR.  \u2013 Respeta el medio ambiente - Transpirable - Protecci\u00f3n contra el fr\u00edo - Extremadamente ligero, el\u00e1stico y suave. - Anti-peeling por las dos caras. - Fabricado 100% a partir de poli\u00e9ster reciclado (provinente de botellas de pl\u00e1stico recicladas). \u2013 Tratamiento Sanitized\u00ae AG, una protecci\u00f3n eficaz contra las bacterias y los olores desagradables, mantiene la prenda limpia durante m\u00e1s tiempo  Dise\u00f1ado y fabricado en Barcelona","og_url":"https:\/\/www.windxtreme.eu\/producto\/polarwind-junior-wall\/","og_site_name":"Wind x-treme","article_modified_time":"2023-05-02T07:48:49+00:00","og_image":[{"width":1000,"height":1000,"url":"https:\/\/www.windxtreme.eu\/wp-content\/uploads\/2022\/06\/WDX2346-copia-2.jpg","type":"image\/jpeg"}],"twitter_card":"summary_large_image","schema":{"@context":"https:\/\/schema.org","@graph":[{"@type":"WebPage","@id":"https:\/\/www.windxtreme.eu\/producto\/polarwind-junior-wall\/","url":"https:\/\/www.windxtreme.eu\/producto\/polarwind-junior-wall\/","name":"POLARWIND JUNIOR WALL - Wind x-treme","isPartOf":{"@id":"https:\/\/www.windxtreme.eu\/#website"},"primaryImageOfPage":{"@id":"https:\/\/www.windxtreme.eu\/producto\/polarwind-junior-wall\/#primaryimage"},"image":{"@id":"https:\/\/www.windxtreme.eu\/producto\/polarwind-junior-wall\/#primaryimage"},"thumbnailUrl":"https:\/\/www.windxtreme.eu\/wp-content\/uploads\/2022\/06\/WDX2346-copia-2.jpg","datePublished":"2021-10-05T11:57:22+00:00","dateModified":"2023-05-02T07:48:49+00:00","breadcrumb":{"@id":"https:\/\/www.windxtreme.eu\/producto\/polarwind-junior-wall\/#breadcrumb"},"inLanguage":"en-US","potentialAction":[{"@type":"ReadAction","target":["https:\/\/www.windxtreme.eu\/producto\/polarwind-junior-wall\/"]}]},{"@type":"ImageObject","inLanguage":"en-US","@id":"https:\/\/www.windxtreme.eu\/producto\/polarwind-junior-wall\/#primaryimage","url":"https:\/\/www.windxtreme.eu\/wp-content\/uploads\/2022\/06\/WDX2346-copia-2.jpg","contentUrl":"https:\/\/www.windxtreme.eu\/wp-content\/uploads\/2022\/06\/WDX2346-copia-2.jpg","width":1000,"height":1000},{"@type":"BreadcrumbList","@id":"https:\/\/www.windxtreme.eu\/producto\/polarwind-junior-wall\/#breadcrumb","itemListElement":[{"@type":"ListItem","position":1,"name":"Portada","item":"https:\/\/www.windxtreme.eu\/"},{"@type":"ListItem","position":2,"name":"Shop","item":"https:\/\/www.windxtreme.eu\/en\/shop-2\/"},{"@type":"ListItem","position":3,"name":"POLARWIND JUNIOR WALL"}]},{"@type":"WebSite","@id":"https:\/\/www.windxtreme.eu\/#website","url":"https:\/\/www.windxtreme.eu\/","name":"Wind x-treme","description":"Neckwarmers, hats and headwear","potentialAction":[{"@type":"SearchAction","target":{"@type":"EntryPoint","urlTemplate":"https:\/\/www.windxtreme.eu\/?s={search_term_string}"},"query-input":"required name=search_term_string"}],"inLanguage":"en-US"}]}},"_links":{"self":[{"href":"https:\/\/www.windxtreme.eu\/en\/wp-json\/wp\/v2\/product\/11983"}],"collection":[{"href":"https:\/\/www.windxtreme.eu\/en\/wp-json\/wp\/v2\/product"}],"about":[{"href":"https:\/\/www.windxtreme.eu\/en\/wp-json\/wp\/v2\/types\/product"}],"version-history":[{"count":1,"href":"https:\/\/www.windxtreme.eu\/en\/wp-json\/wp\/v2\/product\/11983\/revisions"}],"predecessor-version":[{"id":11986,"href":"https:\/\/www.windxtreme.eu\/en\/wp-json\/wp\/v2\/product\/11983\/revisions\/11986"}],"wp:featuredmedia":[{"embeddable":true,"href":"https:\/\/www.windxtreme.eu\/en\/wp-json\/wp\/v2\/media\/15645"}],"wp:attachment":[{"href":"https:\/\/www.windxtreme.eu\/en\/wp-json\/wp\/v2\/media?parent=11983"}],"wp:term":[{"taxonomy":"product_cat","embeddable":true,"href":"https:\/\/www.windxtreme.eu\/en\/wp-json\/wp\/v2\/product_cat?post=11983"},{"taxonomy":"product_tag","embeddable":true,"href":"https:\/\/www.windxtreme.eu\/en\/wp-json\/wp\/v2\/product_tag?post=11983"}],"curies":[{"name":"wp","href":"https:\/\/api.w.org\/{rel}","templated":true}]}}