{"id":15824,"date":"2022-06-17T10:34:49","date_gmt":"2022-06-17T10:34:49","guid":{"rendered":"https:\/\/www.windxtreme.eu\/?post_type=product&#038;p=15824"},"modified":"2022-10-28T13:04:41","modified_gmt":"2022-10-28T13:04:41","slug":"tubularwind-press","status":"publish","type":"product","link":"https:\/\/www.windxtreme.eu\/en\/producto\/tubularwind-press\/","title":{"rendered":"TUBULARWIND PRESS"},"content":{"rendered":"","protected":false},"excerpt":{"rendered":"<p>Tubular multifuncional 100% poli\u00e9ster reciclado y reversible. Ideal para ni\u00f1os de 9 a 13 a\u00f1os.<\/p>\n<p>\u2013 Fabricado con el hilo certificado Global Recycled Standard (GRS)<br \/>\n\u2013 Su interior de polar reciclado dota al producto de una funci\u00f3n reversible.<br \/>\n\u2013 El\u00e1stico, suave y anti-peeling.<br \/>\n\u2013 Garantiza un alto aislamiento t\u00e9rmico y transpirabilidad.<br \/>\n\u2013 Tratamiento Sanitized\u00ae AG, una protecci\u00f3n eficaz contra las bacterias y los olores desagradables, mantiene la prenda limpia durante m\u00e1s tiempo<br \/>\n\u2013 Aislamiento t\u00e9rmico y alta transpirabilidad.-Tratamiento Sanitized\u00ae AG, una protecci\u00f3n eficaz contra las bacterias y los olores desagradables, mantiene la prenda limpia durante m\u00e1s tiempo<\/p>\n<p>Dise\u00f1ado y fabricado en Barcelona<\/p>\n","protected":false},"featured_media":15899,"template":"","meta":[],"product_cat":[105],"product_tag":[],"yoast_head":"<!-- This site is optimized with the Yoast SEO plugin v22.8 - https:\/\/yoast.com\/wordpress\/plugins\/seo\/ -->\n<title>TUBULARWIND PRESS - Wind x-treme<\/title>\n<meta name=\"robots\" content=\"index, follow, max-snippet:-1, max-image-preview:large, max-video-preview:-1\" \/>\n<link rel=\"canonical\" href=\"https:\/\/www.windxtreme.eu\/producto\/tubularwind-press\/\" \/>\n<meta property=\"og:locale\" content=\"en_US\" \/>\n<meta property=\"og:type\" content=\"article\" \/>\n<meta property=\"og:title\" content=\"TUBULARWIND PRESS - Wind x-treme\" \/>\n<meta property=\"og:description\" content=\"Tubular multifuncional 100% poli\u00e9ster reciclado y reversible. Ideal para ni\u00f1os de 9 a 13 a\u00f1os.  \u2013 Fabricado con el hilo certificado Global Recycled Standard (GRS) \u2013 Su interior de polar reciclado dota al producto de una funci\u00f3n reversible. \u2013 El\u00e1stico, suave y anti-peeling. \u2013 Garantiza un alto aislamiento t\u00e9rmico y transpirabilidad. \u2013 Tratamiento Sanitized\u00ae AG, una protecci\u00f3n eficaz contra las bacterias y los olores desagradables, mantiene la prenda limpia durante m\u00e1s tiempo \u2013 Aislamiento t\u00e9rmico y alta transpirabilidad.-Tratamiento Sanitized\u00ae AG, una protecci\u00f3n eficaz contra las bacterias y los olores desagradables, mantiene la prenda limpia durante m\u00e1s tiempo  Dise\u00f1ado y fabricado en Barcelona\" \/>\n<meta property=\"og:url\" content=\"https:\/\/www.windxtreme.eu\/producto\/tubularwind-press\/\" \/>\n<meta property=\"og:site_name\" content=\"Wind x-treme\" \/>\n<meta property=\"article:modified_time\" content=\"2022-10-28T13:04:41+00:00\" \/>\n<meta property=\"og:image\" content=\"https:\/\/www.windxtreme.eu\/wp-content\/uploads\/2022\/06\/YDRAY-WDX-PRESS-1357-2.png\" \/>\n\t<meta property=\"og:image:width\" content=\"800\" \/>\n\t<meta property=\"og:image:height\" content=\"800\" \/>\n\t<meta property=\"og:image:type\" content=\"image\/png\" \/>\n<meta name=\"twitter:card\" content=\"summary_large_image\" \/>\n<script type=\"application\/ld+json\" class=\"yoast-schema-graph\">{\"@context\":\"https:\/\/schema.org\",\"@graph\":[{\"@type\":\"WebPage\",\"@id\":\"https:\/\/www.windxtreme.eu\/producto\/tubularwind-press\/\",\"url\":\"https:\/\/www.windxtreme.eu\/producto\/tubularwind-press\/\",\"name\":\"TUBULARWIND PRESS - Wind x-treme\",\"isPartOf\":{\"@id\":\"https:\/\/www.windxtreme.eu\/#website\"},\"primaryImageOfPage\":{\"@id\":\"https:\/\/www.windxtreme.eu\/producto\/tubularwind-press\/#primaryimage\"},\"image\":{\"@id\":\"https:\/\/www.windxtreme.eu\/producto\/tubularwind-press\/#primaryimage\"},\"thumbnailUrl\":\"https:\/\/www.windxtreme.eu\/wp-content\/uploads\/2022\/06\/YDRAY-WDX-PRESS-1357-2.png\",\"datePublished\":\"2022-06-17T10:34:49+00:00\",\"dateModified\":\"2022-10-28T13:04:41+00:00\",\"breadcrumb\":{\"@id\":\"https:\/\/www.windxtreme.eu\/producto\/tubularwind-press\/#breadcrumb\"},\"inLanguage\":\"en-US\",\"potentialAction\":[{\"@type\":\"ReadAction\",\"target\":[\"https:\/\/www.windxtreme.eu\/producto\/tubularwind-press\/\"]}]},{\"@type\":\"ImageObject\",\"inLanguage\":\"en-US\",\"@id\":\"https:\/\/www.windxtreme.eu\/producto\/tubularwind-press\/#primaryimage\",\"url\":\"https:\/\/www.windxtreme.eu\/wp-content\/uploads\/2022\/06\/YDRAY-WDX-PRESS-1357-2.png\",\"contentUrl\":\"https:\/\/www.windxtreme.eu\/wp-content\/uploads\/2022\/06\/YDRAY-WDX-PRESS-1357-2.png\",\"width\":800,\"height\":800},{\"@type\":\"BreadcrumbList\",\"@id\":\"https:\/\/www.windxtreme.eu\/producto\/tubularwind-press\/#breadcrumb\",\"itemListElement\":[{\"@type\":\"ListItem\",\"position\":1,\"name\":\"Portada\",\"item\":\"https:\/\/www.windxtreme.eu\/\"},{\"@type\":\"ListItem\",\"position\":2,\"name\":\"Shop\",\"item\":\"https:\/\/www.windxtreme.eu\/en\/shop-2\/\"},{\"@type\":\"ListItem\",\"position\":3,\"name\":\"TUBULARWIND PRESS\"}]},{\"@type\":\"WebSite\",\"@id\":\"https:\/\/www.windxtreme.eu\/#website\",\"url\":\"https:\/\/www.windxtreme.eu\/\",\"name\":\"Wind x-treme\",\"description\":\"Neckwarmers, hats and headwear\",\"potentialAction\":[{\"@type\":\"SearchAction\",\"target\":{\"@type\":\"EntryPoint\",\"urlTemplate\":\"https:\/\/www.windxtreme.eu\/?s={search_term_string}\"},\"query-input\":\"required name=search_term_string\"}],\"inLanguage\":\"en-US\"}]}<\/script>\n<!-- \/ Yoast SEO plugin. -->","yoast_head_json":{"title":"TUBULARWIND PRESS - Wind x-treme","robots":{"index":"index","follow":"follow","max-snippet":"max-snippet:-1","max-image-preview":"max-image-preview:large","max-video-preview":"max-video-preview:-1"},"canonical":"https:\/\/www.windxtreme.eu\/producto\/tubularwind-press\/","og_locale":"en_US","og_type":"article","og_title":"TUBULARWIND PRESS - Wind x-treme","og_description":"Tubular multifuncional 100% poli\u00e9ster reciclado y reversible. Ideal para ni\u00f1os de 9 a 13 a\u00f1os.  \u2013 Fabricado con el hilo certificado Global Recycled Standard (GRS) \u2013 Su interior de polar reciclado dota al producto de una funci\u00f3n reversible. \u2013 El\u00e1stico, suave y anti-peeling. \u2013 Garantiza un alto aislamiento t\u00e9rmico y transpirabilidad. \u2013 Tratamiento Sanitized\u00ae AG, una protecci\u00f3n eficaz contra las bacterias y los olores desagradables, mantiene la prenda limpia durante m\u00e1s tiempo \u2013 Aislamiento t\u00e9rmico y alta transpirabilidad.-Tratamiento Sanitized\u00ae AG, una protecci\u00f3n eficaz contra las bacterias y los olores desagradables, mantiene la prenda limpia durante m\u00e1s tiempo  Dise\u00f1ado y fabricado en Barcelona","og_url":"https:\/\/www.windxtreme.eu\/producto\/tubularwind-press\/","og_site_name":"Wind x-treme","article_modified_time":"2022-10-28T13:04:41+00:00","og_image":[{"width":800,"height":800,"url":"https:\/\/www.windxtreme.eu\/wp-content\/uploads\/2022\/06\/YDRAY-WDX-PRESS-1357-2.png","type":"image\/png"}],"twitter_card":"summary_large_image","schema":{"@context":"https:\/\/schema.org","@graph":[{"@type":"WebPage","@id":"https:\/\/www.windxtreme.eu\/producto\/tubularwind-press\/","url":"https:\/\/www.windxtreme.eu\/producto\/tubularwind-press\/","name":"TUBULARWIND PRESS - Wind x-treme","isPartOf":{"@id":"https:\/\/www.windxtreme.eu\/#website"},"primaryImageOfPage":{"@id":"https:\/\/www.windxtreme.eu\/producto\/tubularwind-press\/#primaryimage"},"image":{"@id":"https:\/\/www.windxtreme.eu\/producto\/tubularwind-press\/#primaryimage"},"thumbnailUrl":"https:\/\/www.windxtreme.eu\/wp-content\/uploads\/2022\/06\/YDRAY-WDX-PRESS-1357-2.png","datePublished":"2022-06-17T10:34:49+00:00","dateModified":"2022-10-28T13:04:41+00:00","breadcrumb":{"@id":"https:\/\/www.windxtreme.eu\/producto\/tubularwind-press\/#breadcrumb"},"inLanguage":"en-US","potentialAction":[{"@type":"ReadAction","target":["https:\/\/www.windxtreme.eu\/producto\/tubularwind-press\/"]}]},{"@type":"ImageObject","inLanguage":"en-US","@id":"https:\/\/www.windxtreme.eu\/producto\/tubularwind-press\/#primaryimage","url":"https:\/\/www.windxtreme.eu\/wp-content\/uploads\/2022\/06\/YDRAY-WDX-PRESS-1357-2.png","contentUrl":"https:\/\/www.windxtreme.eu\/wp-content\/uploads\/2022\/06\/YDRAY-WDX-PRESS-1357-2.png","width":800,"height":800},{"@type":"BreadcrumbList","@id":"https:\/\/www.windxtreme.eu\/producto\/tubularwind-press\/#breadcrumb","itemListElement":[{"@type":"ListItem","position":1,"name":"Portada","item":"https:\/\/www.windxtreme.eu\/"},{"@type":"ListItem","position":2,"name":"Shop","item":"https:\/\/www.windxtreme.eu\/en\/shop-2\/"},{"@type":"ListItem","position":3,"name":"TUBULARWIND PRESS"}]},{"@type":"WebSite","@id":"https:\/\/www.windxtreme.eu\/#website","url":"https:\/\/www.windxtreme.eu\/","name":"Wind x-treme","description":"Neckwarmers, hats and headwear","potentialAction":[{"@type":"SearchAction","target":{"@type":"EntryPoint","urlTemplate":"https:\/\/www.windxtreme.eu\/?s={search_term_string}"},"query-input":"required name=search_term_string"}],"inLanguage":"en-US"}]}},"_links":{"self":[{"href":"https:\/\/www.windxtreme.eu\/en\/wp-json\/wp\/v2\/product\/15824"}],"collection":[{"href":"https:\/\/www.windxtreme.eu\/en\/wp-json\/wp\/v2\/product"}],"about":[{"href":"https:\/\/www.windxtreme.eu\/en\/wp-json\/wp\/v2\/types\/product"}],"version-history":[{"count":2,"href":"https:\/\/www.windxtreme.eu\/en\/wp-json\/wp\/v2\/product\/15824\/revisions"}],"predecessor-version":[{"id":15831,"href":"https:\/\/www.windxtreme.eu\/en\/wp-json\/wp\/v2\/product\/15824\/revisions\/15831"}],"wp:featuredmedia":[{"embeddable":true,"href":"https:\/\/www.windxtreme.eu\/en\/wp-json\/wp\/v2\/media\/15899"}],"wp:attachment":[{"href":"https:\/\/www.windxtreme.eu\/en\/wp-json\/wp\/v2\/media?parent=15824"}],"wp:term":[{"taxonomy":"product_cat","embeddable":true,"href":"https:\/\/www.windxtreme.eu\/en\/wp-json\/wp\/v2\/product_cat?post=15824"},{"taxonomy":"product_tag","embeddable":true,"href":"https:\/\/www.windxtreme.eu\/en\/wp-json\/wp\/v2\/product_tag?post=15824"}],"curies":[{"name":"wp","href":"https:\/\/api.w.org\/{rel}","templated":true}]}}