{"id":15840,"date":"2022-06-17T11:29:31","date_gmt":"2022-06-17T11:29:31","guid":{"rendered":"https:\/\/www.windxtreme.eu\/?post_type=product&#038;p=15840"},"modified":"2023-02-08T11:52:07","modified_gmt":"2023-02-08T11:52:07","slug":"tubularwind-alps","status":"publish","type":"product","link":"https:\/\/www.windxtreme.eu\/en\/producto\/tubularwind-alps\/","title":{"rendered":"TUBULARWIND ALPS"},"content":{"rendered":"","protected":false},"excerpt":{"rendered":"<p>Tubular multifuncional 100% poli\u00e9ster reciclado y reversible. Ideal para ni\u00f1os de 9 a 13 a\u00f1os.<\/p>\n<p>\u2013 Fabricado con el hilo certificado Global Recycled Standard (GRS)<br \/>\n\u2013 Su interior de polar reciclado dota al producto de una funci\u00f3n reversible.<br \/>\n\u2013 El\u00e1stico, suave y anti-peeling.<br \/>\n\u2013 Garantiza un alto aislamiento t\u00e9rmico y transpirabilidad.<br \/>\n\u2013 Tratamiento Sanitized\u00ae AG, una protecci\u00f3n eficaz contra las bacterias y los olores desagradables, mantiene la prenda limpia durante m\u00e1s tiempo<br \/>\n\u2013 Aislamiento t\u00e9rmico y alta transpirabilidad.-Tratamiento Sanitized\u00ae AG, una protecci\u00f3n eficaz contra las bacterias y los olores desagradables, mantiene la prenda limpia durante m\u00e1s tiempo<\/p>\n<p>Dise\u00f1ado y fabricado en Barcelona<\/p>\n","protected":false},"featured_media":15891,"template":"","meta":[],"product_cat":[105],"product_tag":[],"yoast_head":"<!-- This site is optimized with the Yoast SEO plugin v22.8 - https:\/\/yoast.com\/wordpress\/plugins\/seo\/ -->\n<title>TUBULARWIND ALPS - Wind x-treme<\/title>\n<meta name=\"description\" content=\"La braga de cuello TUBULARWIND es la prenda ideal para practicar deportes al aire libre o, simplemente, para protegerte del fr\u00edo. Confeccionado sin costuras y con microfibras de poli\u00e9ster.Tiene un tacto suave, es ligero y de una gran elasticidad,garantizando comodidad y protecci\u00f3n.\" \/>\n<meta name=\"robots\" content=\"index, follow, max-snippet:-1, max-image-preview:large, max-video-preview:-1\" \/>\n<link rel=\"canonical\" href=\"https:\/\/www.windxtreme.eu\/producto\/tubularwind-alps\/\" \/>\n<meta property=\"og:locale\" content=\"en_US\" \/>\n<meta property=\"og:type\" content=\"article\" \/>\n<meta property=\"og:title\" content=\"TUBULARWIND ALPS - Wind x-treme\" \/>\n<meta property=\"og:description\" content=\"La braga de cuello TUBULARWIND es la prenda ideal para practicar deportes al aire libre o, simplemente, para protegerte del fr\u00edo. Confeccionado sin costuras y con microfibras de poli\u00e9ster.Tiene un tacto suave, es ligero y de una gran elasticidad,garantizando comodidad y protecci\u00f3n.\" \/>\n<meta property=\"og:url\" content=\"https:\/\/www.windxtreme.eu\/producto\/tubularwind-alps\/\" \/>\n<meta property=\"og:site_name\" content=\"Wind x-treme\" \/>\n<meta property=\"article:modified_time\" content=\"2023-02-08T11:52:07+00:00\" \/>\n<meta property=\"og:image\" content=\"https:\/\/www.windxtreme.eu\/wp-content\/uploads\/2022\/06\/YDRAY-WDX-PRESS-1357-1.png\" \/>\n\t<meta property=\"og:image:width\" content=\"800\" \/>\n\t<meta property=\"og:image:height\" content=\"800\" \/>\n\t<meta property=\"og:image:type\" content=\"image\/png\" \/>\n<meta name=\"twitter:card\" content=\"summary_large_image\" \/>\n<script type=\"application\/ld+json\" class=\"yoast-schema-graph\">{\"@context\":\"https:\/\/schema.org\",\"@graph\":[{\"@type\":\"WebPage\",\"@id\":\"https:\/\/www.windxtreme.eu\/producto\/tubularwind-alps\/\",\"url\":\"https:\/\/www.windxtreme.eu\/producto\/tubularwind-alps\/\",\"name\":\"TUBULARWIND ALPS - Wind x-treme\",\"isPartOf\":{\"@id\":\"https:\/\/www.windxtreme.eu\/#website\"},\"primaryImageOfPage\":{\"@id\":\"https:\/\/www.windxtreme.eu\/producto\/tubularwind-alps\/#primaryimage\"},\"image\":{\"@id\":\"https:\/\/www.windxtreme.eu\/producto\/tubularwind-alps\/#primaryimage\"},\"thumbnailUrl\":\"https:\/\/www.windxtreme.eu\/wp-content\/uploads\/2022\/06\/YDRAY-WDX-PRESS-1357-1.png\",\"datePublished\":\"2022-06-17T11:29:31+00:00\",\"dateModified\":\"2023-02-08T11:52:07+00:00\",\"description\":\"La braga de cuello TUBULARWIND es la prenda ideal para practicar deportes al aire libre o, simplemente, para protegerte del fr\u00edo. Confeccionado sin costuras y con microfibras de poli\u00e9ster.Tiene un tacto suave, es ligero y de una gran elasticidad,garantizando comodidad y protecci\u00f3n.\",\"breadcrumb\":{\"@id\":\"https:\/\/www.windxtreme.eu\/producto\/tubularwind-alps\/#breadcrumb\"},\"inLanguage\":\"en-US\",\"potentialAction\":[{\"@type\":\"ReadAction\",\"target\":[\"https:\/\/www.windxtreme.eu\/producto\/tubularwind-alps\/\"]}]},{\"@type\":\"ImageObject\",\"inLanguage\":\"en-US\",\"@id\":\"https:\/\/www.windxtreme.eu\/producto\/tubularwind-alps\/#primaryimage\",\"url\":\"https:\/\/www.windxtreme.eu\/wp-content\/uploads\/2022\/06\/YDRAY-WDX-PRESS-1357-1.png\",\"contentUrl\":\"https:\/\/www.windxtreme.eu\/wp-content\/uploads\/2022\/06\/YDRAY-WDX-PRESS-1357-1.png\",\"width\":800,\"height\":800},{\"@type\":\"BreadcrumbList\",\"@id\":\"https:\/\/www.windxtreme.eu\/producto\/tubularwind-alps\/#breadcrumb\",\"itemListElement\":[{\"@type\":\"ListItem\",\"position\":1,\"name\":\"Portada\",\"item\":\"https:\/\/www.windxtreme.eu\/\"},{\"@type\":\"ListItem\",\"position\":2,\"name\":\"Shop\",\"item\":\"https:\/\/www.windxtreme.eu\/en\/shop-2\/\"},{\"@type\":\"ListItem\",\"position\":3,\"name\":\"TUBULARWIND ALPS\"}]},{\"@type\":\"WebSite\",\"@id\":\"https:\/\/www.windxtreme.eu\/#website\",\"url\":\"https:\/\/www.windxtreme.eu\/\",\"name\":\"Wind x-treme\",\"description\":\"Neckwarmers, hats and headwear\",\"potentialAction\":[{\"@type\":\"SearchAction\",\"target\":{\"@type\":\"EntryPoint\",\"urlTemplate\":\"https:\/\/www.windxtreme.eu\/?s={search_term_string}\"},\"query-input\":\"required name=search_term_string\"}],\"inLanguage\":\"en-US\"}]}<\/script>\n<!-- \/ Yoast SEO plugin. -->","yoast_head_json":{"title":"TUBULARWIND ALPS - Wind x-treme","description":"La braga de cuello TUBULARWIND es la prenda ideal para practicar deportes al aire libre o, simplemente, para protegerte del fr\u00edo. Confeccionado sin costuras y con microfibras de poli\u00e9ster.Tiene un tacto suave, es ligero y de una gran elasticidad,garantizando comodidad y protecci\u00f3n.","robots":{"index":"index","follow":"follow","max-snippet":"max-snippet:-1","max-image-preview":"max-image-preview:large","max-video-preview":"max-video-preview:-1"},"canonical":"https:\/\/www.windxtreme.eu\/producto\/tubularwind-alps\/","og_locale":"en_US","og_type":"article","og_title":"TUBULARWIND ALPS - Wind x-treme","og_description":"La braga de cuello TUBULARWIND es la prenda ideal para practicar deportes al aire libre o, simplemente, para protegerte del fr\u00edo. Confeccionado sin costuras y con microfibras de poli\u00e9ster.Tiene un tacto suave, es ligero y de una gran elasticidad,garantizando comodidad y protecci\u00f3n.","og_url":"https:\/\/www.windxtreme.eu\/producto\/tubularwind-alps\/","og_site_name":"Wind x-treme","article_modified_time":"2023-02-08T11:52:07+00:00","og_image":[{"width":800,"height":800,"url":"https:\/\/www.windxtreme.eu\/wp-content\/uploads\/2022\/06\/YDRAY-WDX-PRESS-1357-1.png","type":"image\/png"}],"twitter_card":"summary_large_image","schema":{"@context":"https:\/\/schema.org","@graph":[{"@type":"WebPage","@id":"https:\/\/www.windxtreme.eu\/producto\/tubularwind-alps\/","url":"https:\/\/www.windxtreme.eu\/producto\/tubularwind-alps\/","name":"TUBULARWIND ALPS - Wind x-treme","isPartOf":{"@id":"https:\/\/www.windxtreme.eu\/#website"},"primaryImageOfPage":{"@id":"https:\/\/www.windxtreme.eu\/producto\/tubularwind-alps\/#primaryimage"},"image":{"@id":"https:\/\/www.windxtreme.eu\/producto\/tubularwind-alps\/#primaryimage"},"thumbnailUrl":"https:\/\/www.windxtreme.eu\/wp-content\/uploads\/2022\/06\/YDRAY-WDX-PRESS-1357-1.png","datePublished":"2022-06-17T11:29:31+00:00","dateModified":"2023-02-08T11:52:07+00:00","description":"La braga de cuello TUBULARWIND es la prenda ideal para practicar deportes al aire libre o, simplemente, para protegerte del fr\u00edo. Confeccionado sin costuras y con microfibras de poli\u00e9ster.Tiene un tacto suave, es ligero y de una gran elasticidad,garantizando comodidad y protecci\u00f3n.","breadcrumb":{"@id":"https:\/\/www.windxtreme.eu\/producto\/tubularwind-alps\/#breadcrumb"},"inLanguage":"en-US","potentialAction":[{"@type":"ReadAction","target":["https:\/\/www.windxtreme.eu\/producto\/tubularwind-alps\/"]}]},{"@type":"ImageObject","inLanguage":"en-US","@id":"https:\/\/www.windxtreme.eu\/producto\/tubularwind-alps\/#primaryimage","url":"https:\/\/www.windxtreme.eu\/wp-content\/uploads\/2022\/06\/YDRAY-WDX-PRESS-1357-1.png","contentUrl":"https:\/\/www.windxtreme.eu\/wp-content\/uploads\/2022\/06\/YDRAY-WDX-PRESS-1357-1.png","width":800,"height":800},{"@type":"BreadcrumbList","@id":"https:\/\/www.windxtreme.eu\/producto\/tubularwind-alps\/#breadcrumb","itemListElement":[{"@type":"ListItem","position":1,"name":"Portada","item":"https:\/\/www.windxtreme.eu\/"},{"@type":"ListItem","position":2,"name":"Shop","item":"https:\/\/www.windxtreme.eu\/en\/shop-2\/"},{"@type":"ListItem","position":3,"name":"TUBULARWIND ALPS"}]},{"@type":"WebSite","@id":"https:\/\/www.windxtreme.eu\/#website","url":"https:\/\/www.windxtreme.eu\/","name":"Wind x-treme","description":"Neckwarmers, hats and headwear","potentialAction":[{"@type":"SearchAction","target":{"@type":"EntryPoint","urlTemplate":"https:\/\/www.windxtreme.eu\/?s={search_term_string}"},"query-input":"required name=search_term_string"}],"inLanguage":"en-US"}]}},"_links":{"self":[{"href":"https:\/\/www.windxtreme.eu\/en\/wp-json\/wp\/v2\/product\/15840"}],"collection":[{"href":"https:\/\/www.windxtreme.eu\/en\/wp-json\/wp\/v2\/product"}],"about":[{"href":"https:\/\/www.windxtreme.eu\/en\/wp-json\/wp\/v2\/types\/product"}],"version-history":[{"count":2,"href":"https:\/\/www.windxtreme.eu\/en\/wp-json\/wp\/v2\/product\/15840\/revisions"}],"predecessor-version":[{"id":15845,"href":"https:\/\/www.windxtreme.eu\/en\/wp-json\/wp\/v2\/product\/15840\/revisions\/15845"}],"wp:featuredmedia":[{"embeddable":true,"href":"https:\/\/www.windxtreme.eu\/en\/wp-json\/wp\/v2\/media\/15891"}],"wp:attachment":[{"href":"https:\/\/www.windxtreme.eu\/en\/wp-json\/wp\/v2\/media?parent=15840"}],"wp:term":[{"taxonomy":"product_cat","embeddable":true,"href":"https:\/\/www.windxtreme.eu\/en\/wp-json\/wp\/v2\/product_cat?post=15840"},{"taxonomy":"product_tag","embeddable":true,"href":"https:\/\/www.windxtreme.eu\/en\/wp-json\/wp\/v2\/product_tag?post=15840"}],"curies":[{"name":"wp","href":"https:\/\/api.w.org\/{rel}","templated":true}]}}