{"id":16385,"date":"2023-07-19T07:17:47","date_gmt":"2023-07-19T07:17:47","guid":{"rendered":"https:\/\/www.windxtreme.eu\/?post_type=product&#038;p=16385"},"modified":"2023-07-19T07:19:27","modified_gmt":"2023-07-19T07:19:27","slug":"biker","status":"publish","type":"product","link":"https:\/\/www.windxtreme.eu\/en\/producto\/biker\/","title":{"rendered":"BIKER"},"content":{"rendered":"","protected":false},"excerpt":{"rendered":"<p>COOLCAP PRO es una gorra ultraligera de gran elasticidad con<br \/>\nvisera de neopreno que se adapta a la cabeza con total comodidad.<br \/>\nFabricada con tejido t\u00e9cnico de extrema transpirabilidad. La parte<br \/>\nsuperior es el\u00e1stica en dos direcciones, para garantizar un ajuste<br \/>\n\u00f3ptimo y la estructura de sus paneles laterales facilita la entrada del<br \/>\naire. De tacto suave y con cierre ajustable. Para disfrutar de cualquier<br \/>\nactividad al aire libre a la vez que protege de los nocivos rayos UV.<br \/>\nCOOLCAP PRO es la uni\u00f3n perfecta entre t\u00e9cnica y confort.<br \/>\nGracias a su visera flexible de neopreno puede doblarse sin perder<br \/>\nsu forma original. \u00a1Se puede guardar f\u00e1cilmente en un bolsillo en<br \/>\ncualquier momento!<br \/>\nIdeal para running, senderismo, trekking y cualquier actividad<br \/>\noutdoor, as\u00ed como el uso urbano.<br \/>\nPROTECCI\u00d3N ULTRAVIOLETA<br \/>\nEL\u00c1STICA Y FLEXIBLE<br \/>\nTRANSPIRABLE<br \/>\nANTIBACTERIAS: SANITIZED\u00ae es un tratamiento antibacterias<br \/>\npara combatir los malos olores y mantener la prenda limpia durante<br \/>\nm\u00e1s tiempo.<br \/>\nPuede lavarse a m\u00e1quina y no necesita planchado.<\/p>\n","protected":false},"featured_media":16386,"template":"","meta":[],"product_cat":[15,111,121,117],"product_tag":[],"yoast_head":"<!-- This site is optimized with the Yoast SEO plugin v22.8 - https:\/\/yoast.com\/wordpress\/plugins\/seo\/ -->\n<title>BIKER - Wind x-treme<\/title>\n<meta name=\"robots\" content=\"index, follow, max-snippet:-1, max-image-preview:large, max-video-preview:-1\" \/>\n<link rel=\"canonical\" href=\"https:\/\/www.windxtreme.eu\/producto\/biker\/\" \/>\n<meta property=\"og:locale\" content=\"en_US\" \/>\n<meta property=\"og:type\" content=\"article\" \/>\n<meta property=\"og:title\" content=\"BIKER - Wind x-treme\" \/>\n<meta property=\"og:description\" content=\"COOLCAP PRO es una gorra ultraligera de gran elasticidad con visera de neopreno que se adapta a la cabeza con total comodidad. Fabricada con tejido t\u00e9cnico de extrema transpirabilidad. La parte superior es el\u00e1stica en dos direcciones, para garantizar un ajuste \u00f3ptimo y la estructura de sus paneles laterales facilita la entrada del aire. De tacto suave y con cierre ajustable. Para disfrutar de cualquier actividad al aire libre a la vez que protege de los nocivos rayos UV. COOLCAP PRO es la uni\u00f3n perfecta entre t\u00e9cnica y confort. Gracias a su visera flexible de neopreno puede doblarse sin perder su forma original. \u00a1Se puede guardar f\u00e1cilmente en un bolsillo en cualquier momento! Ideal para running, senderismo, trekking y cualquier actividad outdoor, as\u00ed como el uso urbano. PROTECCI\u00d3N ULTRAVIOLETA EL\u00c1STICA Y FLEXIBLE TRANSPIRABLE ANTIBACTERIAS: SANITIZED\u00ae es un tratamiento antibacterias para combatir los malos olores y mantener la prenda limpia durante m\u00e1s tiempo. Puede lavarse a m\u00e1quina y no necesita planchado.\" \/>\n<meta property=\"og:url\" content=\"https:\/\/www.windxtreme.eu\/producto\/biker\/\" \/>\n<meta property=\"og:site_name\" content=\"Wind x-treme\" \/>\n<meta property=\"article:modified_time\" content=\"2023-07-19T07:19:27+00:00\" \/>\n<meta property=\"og:image\" content=\"https:\/\/www.windxtreme.eu\/wp-content\/uploads\/2023\/07\/wdx11362-COOLCAP-Biker.png\" \/>\n\t<meta property=\"og:image:width\" content=\"1200\" \/>\n\t<meta property=\"og:image:height\" content=\"1200\" \/>\n\t<meta property=\"og:image:type\" content=\"image\/png\" \/>\n<meta name=\"twitter:card\" content=\"summary_large_image\" \/>\n<script type=\"application\/ld+json\" class=\"yoast-schema-graph\">{\"@context\":\"https:\/\/schema.org\",\"@graph\":[{\"@type\":\"WebPage\",\"@id\":\"https:\/\/www.windxtreme.eu\/producto\/biker\/\",\"url\":\"https:\/\/www.windxtreme.eu\/producto\/biker\/\",\"name\":\"BIKER - Wind x-treme\",\"isPartOf\":{\"@id\":\"https:\/\/www.windxtreme.eu\/#website\"},\"primaryImageOfPage\":{\"@id\":\"https:\/\/www.windxtreme.eu\/producto\/biker\/#primaryimage\"},\"image\":{\"@id\":\"https:\/\/www.windxtreme.eu\/producto\/biker\/#primaryimage\"},\"thumbnailUrl\":\"https:\/\/www.windxtreme.eu\/wp-content\/uploads\/2023\/07\/wdx11362-COOLCAP-Biker.png\",\"datePublished\":\"2023-07-19T07:17:47+00:00\",\"dateModified\":\"2023-07-19T07:19:27+00:00\",\"breadcrumb\":{\"@id\":\"https:\/\/www.windxtreme.eu\/producto\/biker\/#breadcrumb\"},\"inLanguage\":\"en-US\",\"potentialAction\":[{\"@type\":\"ReadAction\",\"target\":[\"https:\/\/www.windxtreme.eu\/producto\/biker\/\"]}]},{\"@type\":\"ImageObject\",\"inLanguage\":\"en-US\",\"@id\":\"https:\/\/www.windxtreme.eu\/producto\/biker\/#primaryimage\",\"url\":\"https:\/\/www.windxtreme.eu\/wp-content\/uploads\/2023\/07\/wdx11362-COOLCAP-Biker.png\",\"contentUrl\":\"https:\/\/www.windxtreme.eu\/wp-content\/uploads\/2023\/07\/wdx11362-COOLCAP-Biker.png\",\"width\":1200,\"height\":1200},{\"@type\":\"BreadcrumbList\",\"@id\":\"https:\/\/www.windxtreme.eu\/producto\/biker\/#breadcrumb\",\"itemListElement\":[{\"@type\":\"ListItem\",\"position\":1,\"name\":\"Portada\",\"item\":\"https:\/\/www.windxtreme.eu\/\"},{\"@type\":\"ListItem\",\"position\":2,\"name\":\"Shop\",\"item\":\"https:\/\/www.windxtreme.eu\/en\/shop-2\/\"},{\"@type\":\"ListItem\",\"position\":3,\"name\":\"BIKER\"}]},{\"@type\":\"WebSite\",\"@id\":\"https:\/\/www.windxtreme.eu\/#website\",\"url\":\"https:\/\/www.windxtreme.eu\/\",\"name\":\"Wind x-treme\",\"description\":\"Neckwarmers, hats and headwear\",\"potentialAction\":[{\"@type\":\"SearchAction\",\"target\":{\"@type\":\"EntryPoint\",\"urlTemplate\":\"https:\/\/www.windxtreme.eu\/?s={search_term_string}\"},\"query-input\":\"required name=search_term_string\"}],\"inLanguage\":\"en-US\"}]}<\/script>\n<!-- \/ Yoast SEO plugin. -->","yoast_head_json":{"title":"BIKER - Wind x-treme","robots":{"index":"index","follow":"follow","max-snippet":"max-snippet:-1","max-image-preview":"max-image-preview:large","max-video-preview":"max-video-preview:-1"},"canonical":"https:\/\/www.windxtreme.eu\/producto\/biker\/","og_locale":"en_US","og_type":"article","og_title":"BIKER - Wind x-treme","og_description":"COOLCAP PRO es una gorra ultraligera de gran elasticidad con visera de neopreno que se adapta a la cabeza con total comodidad. Fabricada con tejido t\u00e9cnico de extrema transpirabilidad. La parte superior es el\u00e1stica en dos direcciones, para garantizar un ajuste \u00f3ptimo y la estructura de sus paneles laterales facilita la entrada del aire. De tacto suave y con cierre ajustable. Para disfrutar de cualquier actividad al aire libre a la vez que protege de los nocivos rayos UV. COOLCAP PRO es la uni\u00f3n perfecta entre t\u00e9cnica y confort. Gracias a su visera flexible de neopreno puede doblarse sin perder su forma original. \u00a1Se puede guardar f\u00e1cilmente en un bolsillo en cualquier momento! Ideal para running, senderismo, trekking y cualquier actividad outdoor, as\u00ed como el uso urbano. PROTECCI\u00d3N ULTRAVIOLETA EL\u00c1STICA Y FLEXIBLE TRANSPIRABLE ANTIBACTERIAS: SANITIZED\u00ae es un tratamiento antibacterias para combatir los malos olores y mantener la prenda limpia durante m\u00e1s tiempo. Puede lavarse a m\u00e1quina y no necesita planchado.","og_url":"https:\/\/www.windxtreme.eu\/producto\/biker\/","og_site_name":"Wind x-treme","article_modified_time":"2023-07-19T07:19:27+00:00","og_image":[{"width":1200,"height":1200,"url":"https:\/\/www.windxtreme.eu\/wp-content\/uploads\/2023\/07\/wdx11362-COOLCAP-Biker.png","type":"image\/png"}],"twitter_card":"summary_large_image","schema":{"@context":"https:\/\/schema.org","@graph":[{"@type":"WebPage","@id":"https:\/\/www.windxtreme.eu\/producto\/biker\/","url":"https:\/\/www.windxtreme.eu\/producto\/biker\/","name":"BIKER - Wind x-treme","isPartOf":{"@id":"https:\/\/www.windxtreme.eu\/#website"},"primaryImageOfPage":{"@id":"https:\/\/www.windxtreme.eu\/producto\/biker\/#primaryimage"},"image":{"@id":"https:\/\/www.windxtreme.eu\/producto\/biker\/#primaryimage"},"thumbnailUrl":"https:\/\/www.windxtreme.eu\/wp-content\/uploads\/2023\/07\/wdx11362-COOLCAP-Biker.png","datePublished":"2023-07-19T07:17:47+00:00","dateModified":"2023-07-19T07:19:27+00:00","breadcrumb":{"@id":"https:\/\/www.windxtreme.eu\/producto\/biker\/#breadcrumb"},"inLanguage":"en-US","potentialAction":[{"@type":"ReadAction","target":["https:\/\/www.windxtreme.eu\/producto\/biker\/"]}]},{"@type":"ImageObject","inLanguage":"en-US","@id":"https:\/\/www.windxtreme.eu\/producto\/biker\/#primaryimage","url":"https:\/\/www.windxtreme.eu\/wp-content\/uploads\/2023\/07\/wdx11362-COOLCAP-Biker.png","contentUrl":"https:\/\/www.windxtreme.eu\/wp-content\/uploads\/2023\/07\/wdx11362-COOLCAP-Biker.png","width":1200,"height":1200},{"@type":"BreadcrumbList","@id":"https:\/\/www.windxtreme.eu\/producto\/biker\/#breadcrumb","itemListElement":[{"@type":"ListItem","position":1,"name":"Portada","item":"https:\/\/www.windxtreme.eu\/"},{"@type":"ListItem","position":2,"name":"Shop","item":"https:\/\/www.windxtreme.eu\/en\/shop-2\/"},{"@type":"ListItem","position":3,"name":"BIKER"}]},{"@type":"WebSite","@id":"https:\/\/www.windxtreme.eu\/#website","url":"https:\/\/www.windxtreme.eu\/","name":"Wind x-treme","description":"Neckwarmers, hats and headwear","potentialAction":[{"@type":"SearchAction","target":{"@type":"EntryPoint","urlTemplate":"https:\/\/www.windxtreme.eu\/?s={search_term_string}"},"query-input":"required name=search_term_string"}],"inLanguage":"en-US"}]}},"_links":{"self":[{"href":"https:\/\/www.windxtreme.eu\/en\/wp-json\/wp\/v2\/product\/16385"}],"collection":[{"href":"https:\/\/www.windxtreme.eu\/en\/wp-json\/wp\/v2\/product"}],"about":[{"href":"https:\/\/www.windxtreme.eu\/en\/wp-json\/wp\/v2\/types\/product"}],"version-history":[{"count":1,"href":"https:\/\/www.windxtreme.eu\/en\/wp-json\/wp\/v2\/product\/16385\/revisions"}],"predecessor-version":[{"id":16388,"href":"https:\/\/www.windxtreme.eu\/en\/wp-json\/wp\/v2\/product\/16385\/revisions\/16388"}],"wp:featuredmedia":[{"embeddable":true,"href":"https:\/\/www.windxtreme.eu\/en\/wp-json\/wp\/v2\/media\/16386"}],"wp:attachment":[{"href":"https:\/\/www.windxtreme.eu\/en\/wp-json\/wp\/v2\/media?parent=16385"}],"wp:term":[{"taxonomy":"product_cat","embeddable":true,"href":"https:\/\/www.windxtreme.eu\/en\/wp-json\/wp\/v2\/product_cat?post=16385"},{"taxonomy":"product_tag","embeddable":true,"href":"https:\/\/www.windxtreme.eu\/en\/wp-json\/wp\/v2\/product_tag?post=16385"}],"curies":[{"name":"wp","href":"https:\/\/api.w.org\/{rel}","templated":true}]}}