{"id":2951,"date":"2020-07-07T10:00:41","date_gmt":"2020-07-07T10:00:41","guid":{"rendered":"https:\/\/wdxmask.com\/producto\/polarwind-scare\/"},"modified":"2022-11-02T15:53:39","modified_gmt":"2022-11-02T15:53:39","slug":"polarwind-scare","status":"publish","type":"product","link":"https:\/\/www.windxtreme.eu\/en\/producto\/polarwind-scare\/","title":{"rendered":"POLARWIND SCARE"},"content":{"rendered":"","protected":false},"excerpt":{"rendered":"<p>Tubular multifuncional 100% poli\u00e9ster reciclado y reversible.<br \/>\n&#8211; Fabricado con el hilo certificado Global Recycled Standard (GRS)<br \/>\n&#8211; Su interior de polar reciclado dota al producto de una funci\u00f3n reversible.<br \/>\n&#8211; El\u00e1stico, suave y anti-peeling.<br \/>\n&#8211; Garantiza un alto aislamiento t\u00e9rmico y transpirabilidad.<br \/>\n&#8211; Tratamiento Sanitized\u00ae AG, una protecci\u00f3n eficaz contra las bacterias y los olores desagradables, mantiene la prenda limpia durante m\u00e1s tiempo<\/p>\n","protected":false},"featured_media":14984,"template":"","meta":[],"product_cat":[189,174,122,129,106,127,121],"product_tag":[],"yoast_head":"<!-- This site is optimized with the Yoast SEO plugin v22.8 - https:\/\/yoast.com\/wordpress\/plugins\/seo\/ -->\n<title>POLARWIND SCARE - Wind x-treme<\/title>\n<meta name=\"robots\" content=\"index, follow, max-snippet:-1, max-image-preview:large, max-video-preview:-1\" \/>\n<link rel=\"canonical\" href=\"https:\/\/www.windxtreme.eu\/producto\/polarwind-scare\/\" \/>\n<meta property=\"og:locale\" content=\"en_US\" \/>\n<meta property=\"og:type\" content=\"article\" \/>\n<meta property=\"og:title\" content=\"POLARWIND SCARE - Wind x-treme\" \/>\n<meta property=\"og:description\" content=\"Tubular multifuncional 100% poli\u00e9ster reciclado y reversible. - Fabricado con el hilo certificado Global Recycled Standard (GRS) - Su interior de polar reciclado dota al producto de una funci\u00f3n reversible. - El\u00e1stico, suave y anti-peeling. - Garantiza un alto aislamiento t\u00e9rmico y transpirabilidad. - Tratamiento Sanitized\u00ae AG, una protecci\u00f3n eficaz contra las bacterias y los olores desagradables, mantiene la prenda limpia durante m\u00e1s tiempo\" \/>\n<meta property=\"og:url\" content=\"https:\/\/www.windxtreme.eu\/producto\/polarwind-scare\/\" \/>\n<meta property=\"og:site_name\" content=\"Wind x-treme\" \/>\n<meta property=\"article:modified_time\" content=\"2022-11-02T15:53:39+00:00\" \/>\n<meta property=\"og:image\" content=\"https:\/\/www.windxtreme.eu\/wp-content\/uploads\/2022\/06\/WDX2149-copia-1.jpg\" \/>\n\t<meta property=\"og:image:width\" content=\"1000\" \/>\n\t<meta property=\"og:image:height\" content=\"1000\" \/>\n\t<meta property=\"og:image:type\" content=\"image\/jpeg\" \/>\n<meta name=\"twitter:card\" content=\"summary_large_image\" \/>\n<script type=\"application\/ld+json\" class=\"yoast-schema-graph\">{\"@context\":\"https:\/\/schema.org\",\"@graph\":[{\"@type\":\"WebPage\",\"@id\":\"https:\/\/www.windxtreme.eu\/producto\/polarwind-scare\/\",\"url\":\"https:\/\/www.windxtreme.eu\/producto\/polarwind-scare\/\",\"name\":\"POLARWIND SCARE - Wind x-treme\",\"isPartOf\":{\"@id\":\"https:\/\/www.windxtreme.eu\/#website\"},\"primaryImageOfPage\":{\"@id\":\"https:\/\/www.windxtreme.eu\/producto\/polarwind-scare\/#primaryimage\"},\"image\":{\"@id\":\"https:\/\/www.windxtreme.eu\/producto\/polarwind-scare\/#primaryimage\"},\"thumbnailUrl\":\"https:\/\/www.windxtreme.eu\/wp-content\/uploads\/2022\/06\/WDX2149-copia-1.jpg\",\"datePublished\":\"2020-07-07T10:00:41+00:00\",\"dateModified\":\"2022-11-02T15:53:39+00:00\",\"breadcrumb\":{\"@id\":\"https:\/\/www.windxtreme.eu\/producto\/polarwind-scare\/#breadcrumb\"},\"inLanguage\":\"en-US\",\"potentialAction\":[{\"@type\":\"ReadAction\",\"target\":[\"https:\/\/www.windxtreme.eu\/producto\/polarwind-scare\/\"]}]},{\"@type\":\"ImageObject\",\"inLanguage\":\"en-US\",\"@id\":\"https:\/\/www.windxtreme.eu\/producto\/polarwind-scare\/#primaryimage\",\"url\":\"https:\/\/www.windxtreme.eu\/wp-content\/uploads\/2022\/06\/WDX2149-copia-1.jpg\",\"contentUrl\":\"https:\/\/www.windxtreme.eu\/wp-content\/uploads\/2022\/06\/WDX2149-copia-1.jpg\",\"width\":1000,\"height\":1000,\"caption\":\"POLARWIND SCARE\"},{\"@type\":\"BreadcrumbList\",\"@id\":\"https:\/\/www.windxtreme.eu\/producto\/polarwind-scare\/#breadcrumb\",\"itemListElement\":[{\"@type\":\"ListItem\",\"position\":1,\"name\":\"Portada\",\"item\":\"https:\/\/www.windxtreme.eu\/\"},{\"@type\":\"ListItem\",\"position\":2,\"name\":\"Shop\",\"item\":\"https:\/\/www.windxtreme.eu\/en\/shop-2\/\"},{\"@type\":\"ListItem\",\"position\":3,\"name\":\"POLARWIND SCARE\"}]},{\"@type\":\"WebSite\",\"@id\":\"https:\/\/www.windxtreme.eu\/#website\",\"url\":\"https:\/\/www.windxtreme.eu\/\",\"name\":\"Wind x-treme\",\"description\":\"Neckwarmers, hats and headwear\",\"potentialAction\":[{\"@type\":\"SearchAction\",\"target\":{\"@type\":\"EntryPoint\",\"urlTemplate\":\"https:\/\/www.windxtreme.eu\/?s={search_term_string}\"},\"query-input\":\"required name=search_term_string\"}],\"inLanguage\":\"en-US\"}]}<\/script>\n<!-- \/ Yoast SEO plugin. -->","yoast_head_json":{"title":"POLARWIND SCARE - Wind x-treme","robots":{"index":"index","follow":"follow","max-snippet":"max-snippet:-1","max-image-preview":"max-image-preview:large","max-video-preview":"max-video-preview:-1"},"canonical":"https:\/\/www.windxtreme.eu\/producto\/polarwind-scare\/","og_locale":"en_US","og_type":"article","og_title":"POLARWIND SCARE - Wind x-treme","og_description":"Tubular multifuncional 100% poli\u00e9ster reciclado y reversible. - Fabricado con el hilo certificado Global Recycled Standard (GRS) - Su interior de polar reciclado dota al producto de una funci\u00f3n reversible. - El\u00e1stico, suave y anti-peeling. - Garantiza un alto aislamiento t\u00e9rmico y transpirabilidad. - Tratamiento Sanitized\u00ae AG, una protecci\u00f3n eficaz contra las bacterias y los olores desagradables, mantiene la prenda limpia durante m\u00e1s tiempo","og_url":"https:\/\/www.windxtreme.eu\/producto\/polarwind-scare\/","og_site_name":"Wind x-treme","article_modified_time":"2022-11-02T15:53:39+00:00","og_image":[{"width":1000,"height":1000,"url":"https:\/\/www.windxtreme.eu\/wp-content\/uploads\/2022\/06\/WDX2149-copia-1.jpg","type":"image\/jpeg"}],"twitter_card":"summary_large_image","schema":{"@context":"https:\/\/schema.org","@graph":[{"@type":"WebPage","@id":"https:\/\/www.windxtreme.eu\/producto\/polarwind-scare\/","url":"https:\/\/www.windxtreme.eu\/producto\/polarwind-scare\/","name":"POLARWIND SCARE - Wind x-treme","isPartOf":{"@id":"https:\/\/www.windxtreme.eu\/#website"},"primaryImageOfPage":{"@id":"https:\/\/www.windxtreme.eu\/producto\/polarwind-scare\/#primaryimage"},"image":{"@id":"https:\/\/www.windxtreme.eu\/producto\/polarwind-scare\/#primaryimage"},"thumbnailUrl":"https:\/\/www.windxtreme.eu\/wp-content\/uploads\/2022\/06\/WDX2149-copia-1.jpg","datePublished":"2020-07-07T10:00:41+00:00","dateModified":"2022-11-02T15:53:39+00:00","breadcrumb":{"@id":"https:\/\/www.windxtreme.eu\/producto\/polarwind-scare\/#breadcrumb"},"inLanguage":"en-US","potentialAction":[{"@type":"ReadAction","target":["https:\/\/www.windxtreme.eu\/producto\/polarwind-scare\/"]}]},{"@type":"ImageObject","inLanguage":"en-US","@id":"https:\/\/www.windxtreme.eu\/producto\/polarwind-scare\/#primaryimage","url":"https:\/\/www.windxtreme.eu\/wp-content\/uploads\/2022\/06\/WDX2149-copia-1.jpg","contentUrl":"https:\/\/www.windxtreme.eu\/wp-content\/uploads\/2022\/06\/WDX2149-copia-1.jpg","width":1000,"height":1000,"caption":"POLARWIND SCARE"},{"@type":"BreadcrumbList","@id":"https:\/\/www.windxtreme.eu\/producto\/polarwind-scare\/#breadcrumb","itemListElement":[{"@type":"ListItem","position":1,"name":"Portada","item":"https:\/\/www.windxtreme.eu\/"},{"@type":"ListItem","position":2,"name":"Shop","item":"https:\/\/www.windxtreme.eu\/en\/shop-2\/"},{"@type":"ListItem","position":3,"name":"POLARWIND SCARE"}]},{"@type":"WebSite","@id":"https:\/\/www.windxtreme.eu\/#website","url":"https:\/\/www.windxtreme.eu\/","name":"Wind x-treme","description":"Neckwarmers, hats and headwear","potentialAction":[{"@type":"SearchAction","target":{"@type":"EntryPoint","urlTemplate":"https:\/\/www.windxtreme.eu\/?s={search_term_string}"},"query-input":"required name=search_term_string"}],"inLanguage":"en-US"}]}},"_links":{"self":[{"href":"https:\/\/www.windxtreme.eu\/en\/wp-json\/wp\/v2\/product\/2951"}],"collection":[{"href":"https:\/\/www.windxtreme.eu\/en\/wp-json\/wp\/v2\/product"}],"about":[{"href":"https:\/\/www.windxtreme.eu\/en\/wp-json\/wp\/v2\/types\/product"}],"version-history":[{"count":2,"href":"https:\/\/www.windxtreme.eu\/en\/wp-json\/wp\/v2\/product\/2951\/revisions"}],"predecessor-version":[{"id":5967,"href":"https:\/\/www.windxtreme.eu\/en\/wp-json\/wp\/v2\/product\/2951\/revisions\/5967"}],"wp:featuredmedia":[{"embeddable":true,"href":"https:\/\/www.windxtreme.eu\/en\/wp-json\/wp\/v2\/media\/14984"}],"wp:attachment":[{"href":"https:\/\/www.windxtreme.eu\/en\/wp-json\/wp\/v2\/media?parent=2951"}],"wp:term":[{"taxonomy":"product_cat","embeddable":true,"href":"https:\/\/www.windxtreme.eu\/en\/wp-json\/wp\/v2\/product_cat?post=2951"},{"taxonomy":"product_tag","embeddable":true,"href":"https:\/\/www.windxtreme.eu\/en\/wp-json\/wp\/v2\/product_tag?post=2951"}],"curies":[{"name":"wp","href":"https:\/\/api.w.org\/{rel}","templated":true}]}}