{"id":4339,"date":"2020-07-09T08:16:02","date_gmt":"2020-07-09T08:16:02","guid":{"rendered":"https:\/\/wdxmask.com\/producto\/cocoon\/"},"modified":"2023-05-02T07:58:19","modified_gmt":"2023-05-02T07:58:19","slug":"cocoon","status":"publish","type":"product","link":"https:\/\/www.windxtreme.eu\/en\/producto\/cocoon\/","title":{"rendered":"COCOON"},"content":{"rendered":"","protected":false},"excerpt":{"rendered":"<p>Pa\u00f1uelo pirata confeccionado en fibra exclusiva de alta tecnolog\u00eda Drytex\u00ae Comfort y visera de neopreno.<br \/>\n&#8211; El\u00e1stico, s\u00faper ligero y flexible, puede doblarse sin perder su forma original.<br \/>\n&#8211; Alta transpirabilidad, manteni\u00e9ndote fresco y seco.<br \/>\n&#8211; Protecci\u00f3n UV.<br \/>\n&#8211; Tratamiento antibacterias Sanitized\u00ae AG, combate los malos olores y mantiene la prenda limpia m\u00e1s tiempo.<\/p>\n","protected":false},"featured_media":15184,"template":"","meta":[],"product_cat":[15,113,121,117],"product_tag":[],"yoast_head":"<!-- This site is optimized with the Yoast SEO plugin v22.8 - https:\/\/yoast.com\/wordpress\/plugins\/seo\/ -->\n<title>COCOON - Wind x-treme<\/title>\n<meta name=\"robots\" content=\"index, follow, max-snippet:-1, max-image-preview:large, max-video-preview:-1\" \/>\n<link rel=\"canonical\" href=\"https:\/\/www.windxtreme.eu\/producto\/cocoon\/\" \/>\n<meta property=\"og:locale\" content=\"en_US\" \/>\n<meta property=\"og:type\" content=\"article\" \/>\n<meta property=\"og:title\" content=\"COCOON - Wind x-treme\" \/>\n<meta property=\"og:description\" content=\"Pa\u00f1uelo pirata confeccionado en fibra exclusiva de alta tecnolog\u00eda Drytex\u00ae Comfort y visera de neopreno. - El\u00e1stico, s\u00faper ligero y flexible, puede doblarse sin perder su forma original. - Alta transpirabilidad, manteni\u00e9ndote fresco y seco. - Protecci\u00f3n UV. - Tratamiento antibacterias Sanitized\u00ae AG, combate los malos olores y mantiene la prenda limpia m\u00e1s tiempo.\" \/>\n<meta property=\"og:url\" content=\"https:\/\/www.windxtreme.eu\/producto\/cocoon\/\" \/>\n<meta property=\"og:site_name\" content=\"Wind x-treme\" \/>\n<meta property=\"article:modified_time\" content=\"2023-05-02T07:58:19+00:00\" \/>\n<meta property=\"og:image\" content=\"https:\/\/www.windxtreme.eu\/wp-content\/uploads\/2022\/06\/WDX7278-copia.jpg\" \/>\n\t<meta property=\"og:image:width\" content=\"1000\" \/>\n\t<meta property=\"og:image:height\" content=\"1000\" \/>\n\t<meta property=\"og:image:type\" content=\"image\/jpeg\" \/>\n<meta name=\"twitter:card\" content=\"summary_large_image\" \/>\n<script type=\"application\/ld+json\" class=\"yoast-schema-graph\">{\"@context\":\"https:\/\/schema.org\",\"@graph\":[{\"@type\":\"WebPage\",\"@id\":\"https:\/\/www.windxtreme.eu\/producto\/cocoon\/\",\"url\":\"https:\/\/www.windxtreme.eu\/producto\/cocoon\/\",\"name\":\"COCOON - Wind x-treme\",\"isPartOf\":{\"@id\":\"https:\/\/www.windxtreme.eu\/#website\"},\"primaryImageOfPage\":{\"@id\":\"https:\/\/www.windxtreme.eu\/producto\/cocoon\/#primaryimage\"},\"image\":{\"@id\":\"https:\/\/www.windxtreme.eu\/producto\/cocoon\/#primaryimage\"},\"thumbnailUrl\":\"https:\/\/www.windxtreme.eu\/wp-content\/uploads\/2022\/06\/WDX7278-copia.jpg\",\"datePublished\":\"2020-07-09T08:16:02+00:00\",\"dateModified\":\"2023-05-02T07:58:19+00:00\",\"breadcrumb\":{\"@id\":\"https:\/\/www.windxtreme.eu\/producto\/cocoon\/#breadcrumb\"},\"inLanguage\":\"en-US\",\"potentialAction\":[{\"@type\":\"ReadAction\",\"target\":[\"https:\/\/www.windxtreme.eu\/producto\/cocoon\/\"]}]},{\"@type\":\"ImageObject\",\"inLanguage\":\"en-US\",\"@id\":\"https:\/\/www.windxtreme.eu\/producto\/cocoon\/#primaryimage\",\"url\":\"https:\/\/www.windxtreme.eu\/wp-content\/uploads\/2022\/06\/WDX7278-copia.jpg\",\"contentUrl\":\"https:\/\/www.windxtreme.eu\/wp-content\/uploads\/2022\/06\/WDX7278-copia.jpg\",\"width\":1000,\"height\":1000},{\"@type\":\"BreadcrumbList\",\"@id\":\"https:\/\/www.windxtreme.eu\/producto\/cocoon\/#breadcrumb\",\"itemListElement\":[{\"@type\":\"ListItem\",\"position\":1,\"name\":\"Portada\",\"item\":\"https:\/\/www.windxtreme.eu\/\"},{\"@type\":\"ListItem\",\"position\":2,\"name\":\"Shop\",\"item\":\"https:\/\/www.windxtreme.eu\/en\/shop-2\/\"},{\"@type\":\"ListItem\",\"position\":3,\"name\":\"COCOON\"}]},{\"@type\":\"WebSite\",\"@id\":\"https:\/\/www.windxtreme.eu\/#website\",\"url\":\"https:\/\/www.windxtreme.eu\/\",\"name\":\"Wind x-treme\",\"description\":\"Neckwarmers, hats and headwear\",\"potentialAction\":[{\"@type\":\"SearchAction\",\"target\":{\"@type\":\"EntryPoint\",\"urlTemplate\":\"https:\/\/www.windxtreme.eu\/?s={search_term_string}\"},\"query-input\":\"required name=search_term_string\"}],\"inLanguage\":\"en-US\"}]}<\/script>\n<!-- \/ Yoast SEO plugin. -->","yoast_head_json":{"title":"COCOON - Wind x-treme","robots":{"index":"index","follow":"follow","max-snippet":"max-snippet:-1","max-image-preview":"max-image-preview:large","max-video-preview":"max-video-preview:-1"},"canonical":"https:\/\/www.windxtreme.eu\/producto\/cocoon\/","og_locale":"en_US","og_type":"article","og_title":"COCOON - Wind x-treme","og_description":"Pa\u00f1uelo pirata confeccionado en fibra exclusiva de alta tecnolog\u00eda Drytex\u00ae Comfort y visera de neopreno. - El\u00e1stico, s\u00faper ligero y flexible, puede doblarse sin perder su forma original. - Alta transpirabilidad, manteni\u00e9ndote fresco y seco. - Protecci\u00f3n UV. - Tratamiento antibacterias Sanitized\u00ae AG, combate los malos olores y mantiene la prenda limpia m\u00e1s tiempo.","og_url":"https:\/\/www.windxtreme.eu\/producto\/cocoon\/","og_site_name":"Wind x-treme","article_modified_time":"2023-05-02T07:58:19+00:00","og_image":[{"width":1000,"height":1000,"url":"https:\/\/www.windxtreme.eu\/wp-content\/uploads\/2022\/06\/WDX7278-copia.jpg","type":"image\/jpeg"}],"twitter_card":"summary_large_image","schema":{"@context":"https:\/\/schema.org","@graph":[{"@type":"WebPage","@id":"https:\/\/www.windxtreme.eu\/producto\/cocoon\/","url":"https:\/\/www.windxtreme.eu\/producto\/cocoon\/","name":"COCOON - Wind x-treme","isPartOf":{"@id":"https:\/\/www.windxtreme.eu\/#website"},"primaryImageOfPage":{"@id":"https:\/\/www.windxtreme.eu\/producto\/cocoon\/#primaryimage"},"image":{"@id":"https:\/\/www.windxtreme.eu\/producto\/cocoon\/#primaryimage"},"thumbnailUrl":"https:\/\/www.windxtreme.eu\/wp-content\/uploads\/2022\/06\/WDX7278-copia.jpg","datePublished":"2020-07-09T08:16:02+00:00","dateModified":"2023-05-02T07:58:19+00:00","breadcrumb":{"@id":"https:\/\/www.windxtreme.eu\/producto\/cocoon\/#breadcrumb"},"inLanguage":"en-US","potentialAction":[{"@type":"ReadAction","target":["https:\/\/www.windxtreme.eu\/producto\/cocoon\/"]}]},{"@type":"ImageObject","inLanguage":"en-US","@id":"https:\/\/www.windxtreme.eu\/producto\/cocoon\/#primaryimage","url":"https:\/\/www.windxtreme.eu\/wp-content\/uploads\/2022\/06\/WDX7278-copia.jpg","contentUrl":"https:\/\/www.windxtreme.eu\/wp-content\/uploads\/2022\/06\/WDX7278-copia.jpg","width":1000,"height":1000},{"@type":"BreadcrumbList","@id":"https:\/\/www.windxtreme.eu\/producto\/cocoon\/#breadcrumb","itemListElement":[{"@type":"ListItem","position":1,"name":"Portada","item":"https:\/\/www.windxtreme.eu\/"},{"@type":"ListItem","position":2,"name":"Shop","item":"https:\/\/www.windxtreme.eu\/en\/shop-2\/"},{"@type":"ListItem","position":3,"name":"COCOON"}]},{"@type":"WebSite","@id":"https:\/\/www.windxtreme.eu\/#website","url":"https:\/\/www.windxtreme.eu\/","name":"Wind x-treme","description":"Neckwarmers, hats and headwear","potentialAction":[{"@type":"SearchAction","target":{"@type":"EntryPoint","urlTemplate":"https:\/\/www.windxtreme.eu\/?s={search_term_string}"},"query-input":"required name=search_term_string"}],"inLanguage":"en-US"}]}},"_links":{"self":[{"href":"https:\/\/www.windxtreme.eu\/en\/wp-json\/wp\/v2\/product\/4339"}],"collection":[{"href":"https:\/\/www.windxtreme.eu\/en\/wp-json\/wp\/v2\/product"}],"about":[{"href":"https:\/\/www.windxtreme.eu\/en\/wp-json\/wp\/v2\/types\/product"}],"version-history":[{"count":1,"href":"https:\/\/www.windxtreme.eu\/en\/wp-json\/wp\/v2\/product\/4339\/revisions"}],"predecessor-version":[{"id":4360,"href":"https:\/\/www.windxtreme.eu\/en\/wp-json\/wp\/v2\/product\/4339\/revisions\/4360"}],"wp:featuredmedia":[{"embeddable":true,"href":"https:\/\/www.windxtreme.eu\/en\/wp-json\/wp\/v2\/media\/15184"}],"wp:attachment":[{"href":"https:\/\/www.windxtreme.eu\/en\/wp-json\/wp\/v2\/media?parent=4339"}],"wp:term":[{"taxonomy":"product_cat","embeddable":true,"href":"https:\/\/www.windxtreme.eu\/en\/wp-json\/wp\/v2\/product_cat?post=4339"},{"taxonomy":"product_tag","embeddable":true,"href":"https:\/\/www.windxtreme.eu\/en\/wp-json\/wp\/v2\/product_tag?post=4339"}],"curies":[{"name":"wp","href":"https:\/\/api.w.org\/{rel}","templated":true}]}}