{"id":6088,"date":"2020-10-06T07:53:39","date_gmt":"2020-10-06T07:53:39","guid":{"rendered":"http:\/\/www.windxtreme.eu\/producto\/tubularwind-kids-picnic\/"},"modified":"2022-06-03T11:25:15","modified_gmt":"2022-06-03T11:25:15","slug":"tubularwind-kids-picnic","status":"publish","type":"product","link":"https:\/\/www.windxtreme.eu\/en\/producto\/tubularwind-kids-picnic\/","title":{"rendered":"TUBULARWIND KIDS PICNIC"},"content":{"rendered":"","protected":false},"excerpt":{"rendered":"<p>Tubular multifuncional 100% poli\u00e9ster reciclado y reversible. Ideal para ni\u00f1os de 3 a 8 a\u00f1os. <\/p>\n","protected":false},"featured_media":15283,"template":"","meta":[],"product_cat":[128],"product_tag":[],"yoast_head":"<!-- This site is optimized with the Yoast SEO plugin v22.8 - https:\/\/yoast.com\/wordpress\/plugins\/seo\/ -->\n<title>TUBULARWIND KIDS PICNIC - Wind x-treme<\/title>\n<meta name=\"robots\" content=\"index, follow, max-snippet:-1, max-image-preview:large, max-video-preview:-1\" \/>\n<link rel=\"canonical\" href=\"https:\/\/www.windxtreme.eu\/producto\/tubularwind-kids-picnic\/\" \/>\n<meta property=\"og:locale\" content=\"en_US\" \/>\n<meta property=\"og:type\" content=\"article\" \/>\n<meta property=\"og:title\" content=\"TUBULARWIND KIDS PICNIC - Wind x-treme\" \/>\n<meta property=\"og:description\" content=\"Tubular multifuncional 100% poli\u00e9ster reciclado y reversible. Ideal para ni\u00f1os de 3 a 8 a\u00f1os.\" \/>\n<meta property=\"og:url\" content=\"https:\/\/www.windxtreme.eu\/producto\/tubularwind-kids-picnic\/\" \/>\n<meta property=\"og:site_name\" content=\"Wind x-treme\" \/>\n<meta property=\"article:modified_time\" content=\"2022-06-03T11:25:15+00:00\" \/>\n<meta property=\"og:image\" content=\"https:\/\/www.windxtreme.eu\/wp-content\/uploads\/2022\/06\/WDX1141-copia.jpg\" \/>\n\t<meta property=\"og:image:width\" content=\"709\" \/>\n\t<meta property=\"og:image:height\" content=\"709\" \/>\n\t<meta property=\"og:image:type\" content=\"image\/jpeg\" \/>\n<meta name=\"twitter:card\" content=\"summary_large_image\" \/>\n<script type=\"application\/ld+json\" class=\"yoast-schema-graph\">{\"@context\":\"https:\/\/schema.org\",\"@graph\":[{\"@type\":\"WebPage\",\"@id\":\"https:\/\/www.windxtreme.eu\/producto\/tubularwind-kids-picnic\/\",\"url\":\"https:\/\/www.windxtreme.eu\/producto\/tubularwind-kids-picnic\/\",\"name\":\"TUBULARWIND KIDS PICNIC - Wind x-treme\",\"isPartOf\":{\"@id\":\"https:\/\/www.windxtreme.eu\/#website\"},\"primaryImageOfPage\":{\"@id\":\"https:\/\/www.windxtreme.eu\/producto\/tubularwind-kids-picnic\/#primaryimage\"},\"image\":{\"@id\":\"https:\/\/www.windxtreme.eu\/producto\/tubularwind-kids-picnic\/#primaryimage\"},\"thumbnailUrl\":\"https:\/\/www.windxtreme.eu\/wp-content\/uploads\/2022\/06\/WDX1141-copia.jpg\",\"datePublished\":\"2020-10-06T07:53:39+00:00\",\"dateModified\":\"2022-06-03T11:25:15+00:00\",\"breadcrumb\":{\"@id\":\"https:\/\/www.windxtreme.eu\/producto\/tubularwind-kids-picnic\/#breadcrumb\"},\"inLanguage\":\"en-US\",\"potentialAction\":[{\"@type\":\"ReadAction\",\"target\":[\"https:\/\/www.windxtreme.eu\/producto\/tubularwind-kids-picnic\/\"]}]},{\"@type\":\"ImageObject\",\"inLanguage\":\"en-US\",\"@id\":\"https:\/\/www.windxtreme.eu\/producto\/tubularwind-kids-picnic\/#primaryimage\",\"url\":\"https:\/\/www.windxtreme.eu\/wp-content\/uploads\/2022\/06\/WDX1141-copia.jpg\",\"contentUrl\":\"https:\/\/www.windxtreme.eu\/wp-content\/uploads\/2022\/06\/WDX1141-copia.jpg\",\"width\":709,\"height\":709,\"caption\":\"TUBULARWIND KIDS PICNIC\"},{\"@type\":\"BreadcrumbList\",\"@id\":\"https:\/\/www.windxtreme.eu\/producto\/tubularwind-kids-picnic\/#breadcrumb\",\"itemListElement\":[{\"@type\":\"ListItem\",\"position\":1,\"name\":\"Portada\",\"item\":\"https:\/\/www.windxtreme.eu\/\"},{\"@type\":\"ListItem\",\"position\":2,\"name\":\"Shop\",\"item\":\"https:\/\/www.windxtreme.eu\/en\/shop-2\/\"},{\"@type\":\"ListItem\",\"position\":3,\"name\":\"TUBULARWIND KIDS PICNIC\"}]},{\"@type\":\"WebSite\",\"@id\":\"https:\/\/www.windxtreme.eu\/#website\",\"url\":\"https:\/\/www.windxtreme.eu\/\",\"name\":\"Wind x-treme\",\"description\":\"Neckwarmers, hats and headwear\",\"potentialAction\":[{\"@type\":\"SearchAction\",\"target\":{\"@type\":\"EntryPoint\",\"urlTemplate\":\"https:\/\/www.windxtreme.eu\/?s={search_term_string}\"},\"query-input\":\"required name=search_term_string\"}],\"inLanguage\":\"en-US\"}]}<\/script>\n<!-- \/ Yoast SEO plugin. -->","yoast_head_json":{"title":"TUBULARWIND KIDS PICNIC - Wind x-treme","robots":{"index":"index","follow":"follow","max-snippet":"max-snippet:-1","max-image-preview":"max-image-preview:large","max-video-preview":"max-video-preview:-1"},"canonical":"https:\/\/www.windxtreme.eu\/producto\/tubularwind-kids-picnic\/","og_locale":"en_US","og_type":"article","og_title":"TUBULARWIND KIDS PICNIC - Wind x-treme","og_description":"Tubular multifuncional 100% poli\u00e9ster reciclado y reversible. Ideal para ni\u00f1os de 3 a 8 a\u00f1os.","og_url":"https:\/\/www.windxtreme.eu\/producto\/tubularwind-kids-picnic\/","og_site_name":"Wind x-treme","article_modified_time":"2022-06-03T11:25:15+00:00","og_image":[{"width":709,"height":709,"url":"https:\/\/www.windxtreme.eu\/wp-content\/uploads\/2022\/06\/WDX1141-copia.jpg","type":"image\/jpeg"}],"twitter_card":"summary_large_image","schema":{"@context":"https:\/\/schema.org","@graph":[{"@type":"WebPage","@id":"https:\/\/www.windxtreme.eu\/producto\/tubularwind-kids-picnic\/","url":"https:\/\/www.windxtreme.eu\/producto\/tubularwind-kids-picnic\/","name":"TUBULARWIND KIDS PICNIC - Wind x-treme","isPartOf":{"@id":"https:\/\/www.windxtreme.eu\/#website"},"primaryImageOfPage":{"@id":"https:\/\/www.windxtreme.eu\/producto\/tubularwind-kids-picnic\/#primaryimage"},"image":{"@id":"https:\/\/www.windxtreme.eu\/producto\/tubularwind-kids-picnic\/#primaryimage"},"thumbnailUrl":"https:\/\/www.windxtreme.eu\/wp-content\/uploads\/2022\/06\/WDX1141-copia.jpg","datePublished":"2020-10-06T07:53:39+00:00","dateModified":"2022-06-03T11:25:15+00:00","breadcrumb":{"@id":"https:\/\/www.windxtreme.eu\/producto\/tubularwind-kids-picnic\/#breadcrumb"},"inLanguage":"en-US","potentialAction":[{"@type":"ReadAction","target":["https:\/\/www.windxtreme.eu\/producto\/tubularwind-kids-picnic\/"]}]},{"@type":"ImageObject","inLanguage":"en-US","@id":"https:\/\/www.windxtreme.eu\/producto\/tubularwind-kids-picnic\/#primaryimage","url":"https:\/\/www.windxtreme.eu\/wp-content\/uploads\/2022\/06\/WDX1141-copia.jpg","contentUrl":"https:\/\/www.windxtreme.eu\/wp-content\/uploads\/2022\/06\/WDX1141-copia.jpg","width":709,"height":709,"caption":"TUBULARWIND KIDS PICNIC"},{"@type":"BreadcrumbList","@id":"https:\/\/www.windxtreme.eu\/producto\/tubularwind-kids-picnic\/#breadcrumb","itemListElement":[{"@type":"ListItem","position":1,"name":"Portada","item":"https:\/\/www.windxtreme.eu\/"},{"@type":"ListItem","position":2,"name":"Shop","item":"https:\/\/www.windxtreme.eu\/en\/shop-2\/"},{"@type":"ListItem","position":3,"name":"TUBULARWIND KIDS PICNIC"}]},{"@type":"WebSite","@id":"https:\/\/www.windxtreme.eu\/#website","url":"https:\/\/www.windxtreme.eu\/","name":"Wind x-treme","description":"Neckwarmers, hats and headwear","potentialAction":[{"@type":"SearchAction","target":{"@type":"EntryPoint","urlTemplate":"https:\/\/www.windxtreme.eu\/?s={search_term_string}"},"query-input":"required name=search_term_string"}],"inLanguage":"en-US"}]}},"_links":{"self":[{"href":"https:\/\/www.windxtreme.eu\/en\/wp-json\/wp\/v2\/product\/6088"}],"collection":[{"href":"https:\/\/www.windxtreme.eu\/en\/wp-json\/wp\/v2\/product"}],"about":[{"href":"https:\/\/www.windxtreme.eu\/en\/wp-json\/wp\/v2\/types\/product"}],"version-history":[{"count":1,"href":"https:\/\/www.windxtreme.eu\/en\/wp-json\/wp\/v2\/product\/6088\/revisions"}],"predecessor-version":[{"id":7850,"href":"https:\/\/www.windxtreme.eu\/en\/wp-json\/wp\/v2\/product\/6088\/revisions\/7850"}],"wp:featuredmedia":[{"embeddable":true,"href":"https:\/\/www.windxtreme.eu\/en\/wp-json\/wp\/v2\/media\/15283"}],"wp:attachment":[{"href":"https:\/\/www.windxtreme.eu\/en\/wp-json\/wp\/v2\/media?parent=6088"}],"wp:term":[{"taxonomy":"product_cat","embeddable":true,"href":"https:\/\/www.windxtreme.eu\/en\/wp-json\/wp\/v2\/product_cat?post=6088"},{"taxonomy":"product_tag","embeddable":true,"href":"https:\/\/www.windxtreme.eu\/en\/wp-json\/wp\/v2\/product_tag?post=6088"}],"curies":[{"name":"wp","href":"https:\/\/api.w.org\/{rel}","templated":true}]}}