{"id":6822,"date":"2020-10-22T11:04:15","date_gmt":"2020-10-22T11:04:15","guid":{"rendered":"http:\/\/www.windxtreme.eu\/producto\/digital-camo-green-hatwind\/"},"modified":"2023-05-02T07:46:18","modified_gmt":"2023-05-02T07:46:18","slug":"digital-camo-green-hatwind","status":"publish","type":"product","link":"https:\/\/www.windxtreme.eu\/en\/producto\/digital-camo-green-hatwind\/","title":{"rendered":"DIGITAL CAMO GREEN HATWIND"},"content":{"rendered":"","protected":false},"excerpt":{"rendered":"<p>HATWIND es un gorro que mantiene la temperatura de tu cabeza ajust\u00e1ndose como una segunda piel. Gracias a su composici\u00f3n y elasticidad, no notar\u00e1s que lo llevas puesto: no pica, no aprieta y no molesta.<br \/>\nFabricado con micro fibra t\u00e9cnica de poli\u00e9ster de alto rendimiento, HATWIND es totalmente transpirable, protegi\u00e9ndote de las temperaturas m\u00e1s bajas al mismo tiempo que expulsa el sudor.<br \/>\nAs\u00ed tu cabeza se mantiene seca durante mucho m\u00e1s tiempo.<br \/>\n\u00dasalo para protegerte del fr\u00edo, del sol, para evitar molestas gotas de sudor, como sota casco o incluso como protector de posibles roces por el uso de frontales en actividades nocturnas.<\/p>\n","protected":false},"featured_media":15353,"template":"","meta":[],"product_cat":[183,121],"product_tag":[],"yoast_head":"<!-- This site is optimized with the Yoast SEO plugin v22.8 - https:\/\/yoast.com\/wordpress\/plugins\/seo\/ -->\n<title>DIGITAL CAMO GREEN HATWIND - Wind x-treme<\/title>\n<meta name=\"robots\" content=\"index, follow, max-snippet:-1, max-image-preview:large, max-video-preview:-1\" \/>\n<link rel=\"canonical\" href=\"https:\/\/www.windxtreme.eu\/producto\/digital-camo-green-hatwind\/\" \/>\n<meta property=\"og:locale\" content=\"en_US\" \/>\n<meta property=\"og:type\" content=\"article\" \/>\n<meta property=\"og:title\" content=\"DIGITAL CAMO GREEN HATWIND - Wind x-treme\" \/>\n<meta property=\"og:description\" content=\"HATWIND es un gorro que mantiene la temperatura de tu cabeza ajust\u00e1ndose como una segunda piel. Gracias a su composici\u00f3n y elasticidad, no notar\u00e1s que lo llevas puesto: no pica, no aprieta y no molesta. Fabricado con micro fibra t\u00e9cnica de poli\u00e9ster de alto rendimiento, HATWIND es totalmente transpirable, protegi\u00e9ndote de las temperaturas m\u00e1s bajas al mismo tiempo que expulsa el sudor. As\u00ed tu cabeza se mantiene seca durante mucho m\u00e1s tiempo. \u00dasalo para protegerte del fr\u00edo, del sol, para evitar molestas gotas de sudor, como sota casco o incluso como protector de posibles roces por el uso de frontales en actividades nocturnas.\" \/>\n<meta property=\"og:url\" content=\"https:\/\/www.windxtreme.eu\/producto\/digital-camo-green-hatwind\/\" \/>\n<meta property=\"og:site_name\" content=\"Wind x-treme\" \/>\n<meta property=\"article:modified_time\" content=\"2023-05-02T07:46:18+00:00\" \/>\n<meta property=\"og:image\" content=\"https:\/\/www.windxtreme.eu\/wp-content\/uploads\/2022\/06\/WDX18205-copia.jpg\" \/>\n\t<meta property=\"og:image:width\" content=\"1000\" \/>\n\t<meta property=\"og:image:height\" content=\"1000\" \/>\n\t<meta property=\"og:image:type\" content=\"image\/jpeg\" \/>\n<meta name=\"twitter:card\" content=\"summary_large_image\" \/>\n<script type=\"application\/ld+json\" class=\"yoast-schema-graph\">{\"@context\":\"https:\/\/schema.org\",\"@graph\":[{\"@type\":\"WebPage\",\"@id\":\"https:\/\/www.windxtreme.eu\/producto\/digital-camo-green-hatwind\/\",\"url\":\"https:\/\/www.windxtreme.eu\/producto\/digital-camo-green-hatwind\/\",\"name\":\"DIGITAL CAMO GREEN HATWIND - Wind x-treme\",\"isPartOf\":{\"@id\":\"https:\/\/www.windxtreme.eu\/#website\"},\"primaryImageOfPage\":{\"@id\":\"https:\/\/www.windxtreme.eu\/producto\/digital-camo-green-hatwind\/#primaryimage\"},\"image\":{\"@id\":\"https:\/\/www.windxtreme.eu\/producto\/digital-camo-green-hatwind\/#primaryimage\"},\"thumbnailUrl\":\"https:\/\/www.windxtreme.eu\/wp-content\/uploads\/2022\/06\/WDX18205-copia.jpg\",\"datePublished\":\"2020-10-22T11:04:15+00:00\",\"dateModified\":\"2023-05-02T07:46:18+00:00\",\"breadcrumb\":{\"@id\":\"https:\/\/www.windxtreme.eu\/producto\/digital-camo-green-hatwind\/#breadcrumb\"},\"inLanguage\":\"en-US\",\"potentialAction\":[{\"@type\":\"ReadAction\",\"target\":[\"https:\/\/www.windxtreme.eu\/producto\/digital-camo-green-hatwind\/\"]}]},{\"@type\":\"ImageObject\",\"inLanguage\":\"en-US\",\"@id\":\"https:\/\/www.windxtreme.eu\/producto\/digital-camo-green-hatwind\/#primaryimage\",\"url\":\"https:\/\/www.windxtreme.eu\/wp-content\/uploads\/2022\/06\/WDX18205-copia.jpg\",\"contentUrl\":\"https:\/\/www.windxtreme.eu\/wp-content\/uploads\/2022\/06\/WDX18205-copia.jpg\",\"width\":1000,\"height\":1000},{\"@type\":\"BreadcrumbList\",\"@id\":\"https:\/\/www.windxtreme.eu\/producto\/digital-camo-green-hatwind\/#breadcrumb\",\"itemListElement\":[{\"@type\":\"ListItem\",\"position\":1,\"name\":\"Portada\",\"item\":\"https:\/\/www.windxtreme.eu\/\"},{\"@type\":\"ListItem\",\"position\":2,\"name\":\"Shop\",\"item\":\"https:\/\/www.windxtreme.eu\/en\/shop-2\/\"},{\"@type\":\"ListItem\",\"position\":3,\"name\":\"DIGITAL CAMO GREEN HATWIND\"}]},{\"@type\":\"WebSite\",\"@id\":\"https:\/\/www.windxtreme.eu\/#website\",\"url\":\"https:\/\/www.windxtreme.eu\/\",\"name\":\"Wind x-treme\",\"description\":\"Neckwarmers, hats and headwear\",\"potentialAction\":[{\"@type\":\"SearchAction\",\"target\":{\"@type\":\"EntryPoint\",\"urlTemplate\":\"https:\/\/www.windxtreme.eu\/?s={search_term_string}\"},\"query-input\":\"required name=search_term_string\"}],\"inLanguage\":\"en-US\"}]}<\/script>\n<!-- \/ Yoast SEO plugin. -->","yoast_head_json":{"title":"DIGITAL CAMO GREEN HATWIND - Wind x-treme","robots":{"index":"index","follow":"follow","max-snippet":"max-snippet:-1","max-image-preview":"max-image-preview:large","max-video-preview":"max-video-preview:-1"},"canonical":"https:\/\/www.windxtreme.eu\/producto\/digital-camo-green-hatwind\/","og_locale":"en_US","og_type":"article","og_title":"DIGITAL CAMO GREEN HATWIND - Wind x-treme","og_description":"HATWIND es un gorro que mantiene la temperatura de tu cabeza ajust\u00e1ndose como una segunda piel. Gracias a su composici\u00f3n y elasticidad, no notar\u00e1s que lo llevas puesto: no pica, no aprieta y no molesta. Fabricado con micro fibra t\u00e9cnica de poli\u00e9ster de alto rendimiento, HATWIND es totalmente transpirable, protegi\u00e9ndote de las temperaturas m\u00e1s bajas al mismo tiempo que expulsa el sudor. As\u00ed tu cabeza se mantiene seca durante mucho m\u00e1s tiempo. \u00dasalo para protegerte del fr\u00edo, del sol, para evitar molestas gotas de sudor, como sota casco o incluso como protector de posibles roces por el uso de frontales en actividades nocturnas.","og_url":"https:\/\/www.windxtreme.eu\/producto\/digital-camo-green-hatwind\/","og_site_name":"Wind x-treme","article_modified_time":"2023-05-02T07:46:18+00:00","og_image":[{"width":1000,"height":1000,"url":"https:\/\/www.windxtreme.eu\/wp-content\/uploads\/2022\/06\/WDX18205-copia.jpg","type":"image\/jpeg"}],"twitter_card":"summary_large_image","schema":{"@context":"https:\/\/schema.org","@graph":[{"@type":"WebPage","@id":"https:\/\/www.windxtreme.eu\/producto\/digital-camo-green-hatwind\/","url":"https:\/\/www.windxtreme.eu\/producto\/digital-camo-green-hatwind\/","name":"DIGITAL CAMO GREEN HATWIND - Wind x-treme","isPartOf":{"@id":"https:\/\/www.windxtreme.eu\/#website"},"primaryImageOfPage":{"@id":"https:\/\/www.windxtreme.eu\/producto\/digital-camo-green-hatwind\/#primaryimage"},"image":{"@id":"https:\/\/www.windxtreme.eu\/producto\/digital-camo-green-hatwind\/#primaryimage"},"thumbnailUrl":"https:\/\/www.windxtreme.eu\/wp-content\/uploads\/2022\/06\/WDX18205-copia.jpg","datePublished":"2020-10-22T11:04:15+00:00","dateModified":"2023-05-02T07:46:18+00:00","breadcrumb":{"@id":"https:\/\/www.windxtreme.eu\/producto\/digital-camo-green-hatwind\/#breadcrumb"},"inLanguage":"en-US","potentialAction":[{"@type":"ReadAction","target":["https:\/\/www.windxtreme.eu\/producto\/digital-camo-green-hatwind\/"]}]},{"@type":"ImageObject","inLanguage":"en-US","@id":"https:\/\/www.windxtreme.eu\/producto\/digital-camo-green-hatwind\/#primaryimage","url":"https:\/\/www.windxtreme.eu\/wp-content\/uploads\/2022\/06\/WDX18205-copia.jpg","contentUrl":"https:\/\/www.windxtreme.eu\/wp-content\/uploads\/2022\/06\/WDX18205-copia.jpg","width":1000,"height":1000},{"@type":"BreadcrumbList","@id":"https:\/\/www.windxtreme.eu\/producto\/digital-camo-green-hatwind\/#breadcrumb","itemListElement":[{"@type":"ListItem","position":1,"name":"Portada","item":"https:\/\/www.windxtreme.eu\/"},{"@type":"ListItem","position":2,"name":"Shop","item":"https:\/\/www.windxtreme.eu\/en\/shop-2\/"},{"@type":"ListItem","position":3,"name":"DIGITAL CAMO GREEN HATWIND"}]},{"@type":"WebSite","@id":"https:\/\/www.windxtreme.eu\/#website","url":"https:\/\/www.windxtreme.eu\/","name":"Wind x-treme","description":"Neckwarmers, hats and headwear","potentialAction":[{"@type":"SearchAction","target":{"@type":"EntryPoint","urlTemplate":"https:\/\/www.windxtreme.eu\/?s={search_term_string}"},"query-input":"required name=search_term_string"}],"inLanguage":"en-US"}]}},"_links":{"self":[{"href":"https:\/\/www.windxtreme.eu\/en\/wp-json\/wp\/v2\/product\/6822"}],"collection":[{"href":"https:\/\/www.windxtreme.eu\/en\/wp-json\/wp\/v2\/product"}],"about":[{"href":"https:\/\/www.windxtreme.eu\/en\/wp-json\/wp\/v2\/types\/product"}],"version-history":[{"count":1,"href":"https:\/\/www.windxtreme.eu\/en\/wp-json\/wp\/v2\/product\/6822\/revisions"}],"predecessor-version":[{"id":6833,"href":"https:\/\/www.windxtreme.eu\/en\/wp-json\/wp\/v2\/product\/6822\/revisions\/6833"}],"wp:featuredmedia":[{"embeddable":true,"href":"https:\/\/www.windxtreme.eu\/en\/wp-json\/wp\/v2\/media\/15353"}],"wp:attachment":[{"href":"https:\/\/www.windxtreme.eu\/en\/wp-json\/wp\/v2\/media?parent=6822"}],"wp:term":[{"taxonomy":"product_cat","embeddable":true,"href":"https:\/\/www.windxtreme.eu\/en\/wp-json\/wp\/v2\/product_cat?post=6822"},{"taxonomy":"product_tag","embeddable":true,"href":"https:\/\/www.windxtreme.eu\/en\/wp-json\/wp\/v2\/product_tag?post=6822"}],"curies":[{"name":"wp","href":"https:\/\/api.w.org\/{rel}","templated":true}]}}