{"id":6826,"date":"2020-10-22T11:04:25","date_gmt":"2020-10-22T11:04:25","guid":{"rendered":"http:\/\/www.windxtreme.eu\/producto\/green-hatwind-merino\/"},"modified":"2023-05-02T07:47:15","modified_gmt":"2023-05-02T07:47:15","slug":"green-hatwind-merino","status":"publish","type":"product","link":"https:\/\/www.windxtreme.eu\/en\/producto\/green-hatwind-merino\/","title":{"rendered":"GREEN HATWIND MERINO"},"content":{"rendered":"","protected":false},"excerpt":{"rendered":"<p>MERINOWOOL es un GORRO sin costuras, vers\u00e1til y funcional, hecho de pura lana merino.<br \/>\nUna fibra con altas prestaciones t\u00e9cnicas sin sensaci\u00f3n de picor en contacto con la piel.<br \/>\nMERINOWOOL es la prenda ideal para practicar deportes al aire libre o, simplemente, para protegerte del fr\u00edo.<\/p>\n","protected":false},"featured_media":15357,"template":"","meta":[],"product_cat":[184,121],"product_tag":[],"yoast_head":"<!-- This site is optimized with the Yoast SEO plugin v22.8 - https:\/\/yoast.com\/wordpress\/plugins\/seo\/ -->\n<title>GREEN HATWIND MERINO - Wind x-treme<\/title>\n<meta name=\"robots\" content=\"index, follow, max-snippet:-1, max-image-preview:large, max-video-preview:-1\" \/>\n<link rel=\"canonical\" href=\"https:\/\/www.windxtreme.eu\/producto\/green-hatwind-merino\/\" \/>\n<meta property=\"og:locale\" content=\"en_US\" \/>\n<meta property=\"og:type\" content=\"article\" \/>\n<meta property=\"og:title\" content=\"GREEN HATWIND MERINO - Wind x-treme\" \/>\n<meta property=\"og:description\" content=\"MERINOWOOL es un GORRO sin costuras, vers\u00e1til y funcional, hecho de pura lana merino. Una fibra con altas prestaciones t\u00e9cnicas sin sensaci\u00f3n de picor en contacto con la piel. MERINOWOOL es la prenda ideal para practicar deportes al aire libre o, simplemente, para protegerte del fr\u00edo.\" \/>\n<meta property=\"og:url\" content=\"https:\/\/www.windxtreme.eu\/producto\/green-hatwind-merino\/\" \/>\n<meta property=\"og:site_name\" content=\"Wind x-treme\" \/>\n<meta property=\"article:modified_time\" content=\"2023-05-02T07:47:15+00:00\" \/>\n<meta property=\"og:image\" content=\"https:\/\/www.windxtreme.eu\/wp-content\/uploads\/2022\/06\/WDX18606-copia.jpg\" \/>\n\t<meta property=\"og:image:width\" content=\"1000\" \/>\n\t<meta property=\"og:image:height\" content=\"1000\" \/>\n\t<meta property=\"og:image:type\" content=\"image\/jpeg\" \/>\n<meta name=\"twitter:card\" content=\"summary_large_image\" \/>\n<script type=\"application\/ld+json\" class=\"yoast-schema-graph\">{\"@context\":\"https:\/\/schema.org\",\"@graph\":[{\"@type\":\"WebPage\",\"@id\":\"https:\/\/www.windxtreme.eu\/producto\/green-hatwind-merino\/\",\"url\":\"https:\/\/www.windxtreme.eu\/producto\/green-hatwind-merino\/\",\"name\":\"GREEN HATWIND MERINO - Wind x-treme\",\"isPartOf\":{\"@id\":\"https:\/\/www.windxtreme.eu\/#website\"},\"primaryImageOfPage\":{\"@id\":\"https:\/\/www.windxtreme.eu\/producto\/green-hatwind-merino\/#primaryimage\"},\"image\":{\"@id\":\"https:\/\/www.windxtreme.eu\/producto\/green-hatwind-merino\/#primaryimage\"},\"thumbnailUrl\":\"https:\/\/www.windxtreme.eu\/wp-content\/uploads\/2022\/06\/WDX18606-copia.jpg\",\"datePublished\":\"2020-10-22T11:04:25+00:00\",\"dateModified\":\"2023-05-02T07:47:15+00:00\",\"breadcrumb\":{\"@id\":\"https:\/\/www.windxtreme.eu\/producto\/green-hatwind-merino\/#breadcrumb\"},\"inLanguage\":\"en-US\",\"potentialAction\":[{\"@type\":\"ReadAction\",\"target\":[\"https:\/\/www.windxtreme.eu\/producto\/green-hatwind-merino\/\"]}]},{\"@type\":\"ImageObject\",\"inLanguage\":\"en-US\",\"@id\":\"https:\/\/www.windxtreme.eu\/producto\/green-hatwind-merino\/#primaryimage\",\"url\":\"https:\/\/www.windxtreme.eu\/wp-content\/uploads\/2022\/06\/WDX18606-copia.jpg\",\"contentUrl\":\"https:\/\/www.windxtreme.eu\/wp-content\/uploads\/2022\/06\/WDX18606-copia.jpg\",\"width\":1000,\"height\":1000,\"caption\":\"GREEN HATWIND MERINO\"},{\"@type\":\"BreadcrumbList\",\"@id\":\"https:\/\/www.windxtreme.eu\/producto\/green-hatwind-merino\/#breadcrumb\",\"itemListElement\":[{\"@type\":\"ListItem\",\"position\":1,\"name\":\"Portada\",\"item\":\"https:\/\/www.windxtreme.eu\/\"},{\"@type\":\"ListItem\",\"position\":2,\"name\":\"Shop\",\"item\":\"https:\/\/www.windxtreme.eu\/en\/shop-2\/\"},{\"@type\":\"ListItem\",\"position\":3,\"name\":\"GREEN HATWIND MERINO\"}]},{\"@type\":\"WebSite\",\"@id\":\"https:\/\/www.windxtreme.eu\/#website\",\"url\":\"https:\/\/www.windxtreme.eu\/\",\"name\":\"Wind x-treme\",\"description\":\"Neckwarmers, hats and headwear\",\"potentialAction\":[{\"@type\":\"SearchAction\",\"target\":{\"@type\":\"EntryPoint\",\"urlTemplate\":\"https:\/\/www.windxtreme.eu\/?s={search_term_string}\"},\"query-input\":\"required name=search_term_string\"}],\"inLanguage\":\"en-US\"}]}<\/script>\n<!-- \/ Yoast SEO plugin. -->","yoast_head_json":{"title":"GREEN HATWIND MERINO - Wind x-treme","robots":{"index":"index","follow":"follow","max-snippet":"max-snippet:-1","max-image-preview":"max-image-preview:large","max-video-preview":"max-video-preview:-1"},"canonical":"https:\/\/www.windxtreme.eu\/producto\/green-hatwind-merino\/","og_locale":"en_US","og_type":"article","og_title":"GREEN HATWIND MERINO - Wind x-treme","og_description":"MERINOWOOL es un GORRO sin costuras, vers\u00e1til y funcional, hecho de pura lana merino. Una fibra con altas prestaciones t\u00e9cnicas sin sensaci\u00f3n de picor en contacto con la piel. MERINOWOOL es la prenda ideal para practicar deportes al aire libre o, simplemente, para protegerte del fr\u00edo.","og_url":"https:\/\/www.windxtreme.eu\/producto\/green-hatwind-merino\/","og_site_name":"Wind x-treme","article_modified_time":"2023-05-02T07:47:15+00:00","og_image":[{"width":1000,"height":1000,"url":"https:\/\/www.windxtreme.eu\/wp-content\/uploads\/2022\/06\/WDX18606-copia.jpg","type":"image\/jpeg"}],"twitter_card":"summary_large_image","schema":{"@context":"https:\/\/schema.org","@graph":[{"@type":"WebPage","@id":"https:\/\/www.windxtreme.eu\/producto\/green-hatwind-merino\/","url":"https:\/\/www.windxtreme.eu\/producto\/green-hatwind-merino\/","name":"GREEN HATWIND MERINO - Wind x-treme","isPartOf":{"@id":"https:\/\/www.windxtreme.eu\/#website"},"primaryImageOfPage":{"@id":"https:\/\/www.windxtreme.eu\/producto\/green-hatwind-merino\/#primaryimage"},"image":{"@id":"https:\/\/www.windxtreme.eu\/producto\/green-hatwind-merino\/#primaryimage"},"thumbnailUrl":"https:\/\/www.windxtreme.eu\/wp-content\/uploads\/2022\/06\/WDX18606-copia.jpg","datePublished":"2020-10-22T11:04:25+00:00","dateModified":"2023-05-02T07:47:15+00:00","breadcrumb":{"@id":"https:\/\/www.windxtreme.eu\/producto\/green-hatwind-merino\/#breadcrumb"},"inLanguage":"en-US","potentialAction":[{"@type":"ReadAction","target":["https:\/\/www.windxtreme.eu\/producto\/green-hatwind-merino\/"]}]},{"@type":"ImageObject","inLanguage":"en-US","@id":"https:\/\/www.windxtreme.eu\/producto\/green-hatwind-merino\/#primaryimage","url":"https:\/\/www.windxtreme.eu\/wp-content\/uploads\/2022\/06\/WDX18606-copia.jpg","contentUrl":"https:\/\/www.windxtreme.eu\/wp-content\/uploads\/2022\/06\/WDX18606-copia.jpg","width":1000,"height":1000,"caption":"GREEN HATWIND MERINO"},{"@type":"BreadcrumbList","@id":"https:\/\/www.windxtreme.eu\/producto\/green-hatwind-merino\/#breadcrumb","itemListElement":[{"@type":"ListItem","position":1,"name":"Portada","item":"https:\/\/www.windxtreme.eu\/"},{"@type":"ListItem","position":2,"name":"Shop","item":"https:\/\/www.windxtreme.eu\/en\/shop-2\/"},{"@type":"ListItem","position":3,"name":"GREEN HATWIND MERINO"}]},{"@type":"WebSite","@id":"https:\/\/www.windxtreme.eu\/#website","url":"https:\/\/www.windxtreme.eu\/","name":"Wind x-treme","description":"Neckwarmers, hats and headwear","potentialAction":[{"@type":"SearchAction","target":{"@type":"EntryPoint","urlTemplate":"https:\/\/www.windxtreme.eu\/?s={search_term_string}"},"query-input":"required name=search_term_string"}],"inLanguage":"en-US"}]}},"_links":{"self":[{"href":"https:\/\/www.windxtreme.eu\/en\/wp-json\/wp\/v2\/product\/6826"}],"collection":[{"href":"https:\/\/www.windxtreme.eu\/en\/wp-json\/wp\/v2\/product"}],"about":[{"href":"https:\/\/www.windxtreme.eu\/en\/wp-json\/wp\/v2\/types\/product"}],"version-history":[{"count":1,"href":"https:\/\/www.windxtreme.eu\/en\/wp-json\/wp\/v2\/product\/6826\/revisions"}],"predecessor-version":[{"id":6871,"href":"https:\/\/www.windxtreme.eu\/en\/wp-json\/wp\/v2\/product\/6826\/revisions\/6871"}],"wp:featuredmedia":[{"embeddable":true,"href":"https:\/\/www.windxtreme.eu\/en\/wp-json\/wp\/v2\/media\/15357"}],"wp:attachment":[{"href":"https:\/\/www.windxtreme.eu\/en\/wp-json\/wp\/v2\/media?parent=6826"}],"wp:term":[{"taxonomy":"product_cat","embeddable":true,"href":"https:\/\/www.windxtreme.eu\/en\/wp-json\/wp\/v2\/product_cat?post=6826"},{"taxonomy":"product_tag","embeddable":true,"href":"https:\/\/www.windxtreme.eu\/en\/wp-json\/wp\/v2\/product_tag?post=6826"}],"curies":[{"name":"wp","href":"https:\/\/api.w.org\/{rel}","templated":true}]}}