{"id":7480,"date":"2020-11-19T11:35:27","date_gmt":"2020-11-19T11:35:27","guid":{"rendered":"http:\/\/www.windxtreme.eu\/producto\/bandana-mola\/"},"modified":"2022-11-02T12:59:37","modified_gmt":"2022-11-02T12:59:37","slug":"bandana-mola","status":"publish","type":"product","link":"https:\/\/www.windxtreme.eu\/en\/producto\/bandana-mola\/","title":{"rendered":"BANDANA MOLA"},"content":{"rendered":"","protected":false},"excerpt":{"rendered":"<p>BANDANA es nuestro tubular triangular de microfibra de poli\u00e9ster t\u00e9cnica. Gracias al tratamiento antibacteriano Sanitized\u00ae AG , su tejido se mantiene limpio durante m\u00e1s tiempo, evitando los malos olores. El\u00e1stico, ligero y sin costuras te protege del fr\u00edo en tus actividades al aire libre. Viste tu d\u00eda a d\u00eda con BANDANA, c\u00f3moda, pr\u00e1ctica y con estilo propio.<br \/>\nFABRICADO CON FIBRA T\u00c9CNICA 100% POLI\u00c9STER DE ALTA CALIDAD GARANTIZANDO AISLAMIENTO T\u00c9RMICO Y TRANSPIRABILIDAD.<\/p>\n","protected":false},"featured_media":15409,"template":"","meta":[],"product_cat":[193],"product_tag":[],"yoast_head":"<!-- This site is optimized with the Yoast SEO plugin v22.8 - https:\/\/yoast.com\/wordpress\/plugins\/seo\/ -->\n<title>BANDANA MOLA - Wind x-treme<\/title>\n<meta name=\"robots\" content=\"index, follow, max-snippet:-1, max-image-preview:large, max-video-preview:-1\" \/>\n<link rel=\"canonical\" href=\"https:\/\/www.windxtreme.eu\/producto\/bandana-mola\/\" \/>\n<meta property=\"og:locale\" content=\"en_US\" \/>\n<meta property=\"og:type\" content=\"article\" \/>\n<meta property=\"og:title\" content=\"BANDANA MOLA - Wind x-treme\" \/>\n<meta property=\"og:description\" content=\"BANDANA es nuestro tubular triangular de microfibra de poli\u00e9ster t\u00e9cnica. Gracias al tratamiento antibacteriano Sanitized\u00ae AG , su tejido se mantiene limpio durante m\u00e1s tiempo, evitando los malos olores. El\u00e1stico, ligero y sin costuras te protege del fr\u00edo en tus actividades al aire libre. Viste tu d\u00eda a d\u00eda con BANDANA, c\u00f3moda, pr\u00e1ctica y con estilo propio. FABRICADO CON FIBRA T\u00c9CNICA 100% POLI\u00c9STER DE ALTA CALIDAD GARANTIZANDO AISLAMIENTO T\u00c9RMICO Y TRANSPIRABILIDAD.\" \/>\n<meta property=\"og:url\" content=\"https:\/\/www.windxtreme.eu\/producto\/bandana-mola\/\" \/>\n<meta property=\"og:site_name\" content=\"Wind x-treme\" \/>\n<meta property=\"article:modified_time\" content=\"2022-11-02T12:59:37+00:00\" \/>\n<meta property=\"og:image\" content=\"https:\/\/www.windxtreme.eu\/wp-content\/uploads\/2022\/06\/WDX19209-copia.jpg\" \/>\n\t<meta property=\"og:image:width\" content=\"1772\" \/>\n\t<meta property=\"og:image:height\" content=\"1772\" \/>\n\t<meta property=\"og:image:type\" content=\"image\/jpeg\" \/>\n<meta name=\"twitter:card\" content=\"summary_large_image\" \/>\n<script type=\"application\/ld+json\" class=\"yoast-schema-graph\">{\"@context\":\"https:\/\/schema.org\",\"@graph\":[{\"@type\":\"WebPage\",\"@id\":\"https:\/\/www.windxtreme.eu\/producto\/bandana-mola\/\",\"url\":\"https:\/\/www.windxtreme.eu\/producto\/bandana-mola\/\",\"name\":\"BANDANA MOLA - Wind x-treme\",\"isPartOf\":{\"@id\":\"https:\/\/www.windxtreme.eu\/#website\"},\"primaryImageOfPage\":{\"@id\":\"https:\/\/www.windxtreme.eu\/producto\/bandana-mola\/#primaryimage\"},\"image\":{\"@id\":\"https:\/\/www.windxtreme.eu\/producto\/bandana-mola\/#primaryimage\"},\"thumbnailUrl\":\"https:\/\/www.windxtreme.eu\/wp-content\/uploads\/2022\/06\/WDX19209-copia.jpg\",\"datePublished\":\"2020-11-19T11:35:27+00:00\",\"dateModified\":\"2022-11-02T12:59:37+00:00\",\"breadcrumb\":{\"@id\":\"https:\/\/www.windxtreme.eu\/producto\/bandana-mola\/#breadcrumb\"},\"inLanguage\":\"en-US\",\"potentialAction\":[{\"@type\":\"ReadAction\",\"target\":[\"https:\/\/www.windxtreme.eu\/producto\/bandana-mola\/\"]}]},{\"@type\":\"ImageObject\",\"inLanguage\":\"en-US\",\"@id\":\"https:\/\/www.windxtreme.eu\/producto\/bandana-mola\/#primaryimage\",\"url\":\"https:\/\/www.windxtreme.eu\/wp-content\/uploads\/2022\/06\/WDX19209-copia.jpg\",\"contentUrl\":\"https:\/\/www.windxtreme.eu\/wp-content\/uploads\/2022\/06\/WDX19209-copia.jpg\",\"width\":1772,\"height\":1772,\"caption\":\"BANDANA MOLA\"},{\"@type\":\"BreadcrumbList\",\"@id\":\"https:\/\/www.windxtreme.eu\/producto\/bandana-mola\/#breadcrumb\",\"itemListElement\":[{\"@type\":\"ListItem\",\"position\":1,\"name\":\"Portada\",\"item\":\"https:\/\/www.windxtreme.eu\/\"},{\"@type\":\"ListItem\",\"position\":2,\"name\":\"Shop\",\"item\":\"https:\/\/www.windxtreme.eu\/en\/shop-2\/\"},{\"@type\":\"ListItem\",\"position\":3,\"name\":\"BANDANA MOLA\"}]},{\"@type\":\"WebSite\",\"@id\":\"https:\/\/www.windxtreme.eu\/#website\",\"url\":\"https:\/\/www.windxtreme.eu\/\",\"name\":\"Wind x-treme\",\"description\":\"Neckwarmers, hats and headwear\",\"potentialAction\":[{\"@type\":\"SearchAction\",\"target\":{\"@type\":\"EntryPoint\",\"urlTemplate\":\"https:\/\/www.windxtreme.eu\/?s={search_term_string}\"},\"query-input\":\"required name=search_term_string\"}],\"inLanguage\":\"en-US\"}]}<\/script>\n<!-- \/ Yoast SEO plugin. -->","yoast_head_json":{"title":"BANDANA MOLA - Wind x-treme","robots":{"index":"index","follow":"follow","max-snippet":"max-snippet:-1","max-image-preview":"max-image-preview:large","max-video-preview":"max-video-preview:-1"},"canonical":"https:\/\/www.windxtreme.eu\/producto\/bandana-mola\/","og_locale":"en_US","og_type":"article","og_title":"BANDANA MOLA - Wind x-treme","og_description":"BANDANA es nuestro tubular triangular de microfibra de poli\u00e9ster t\u00e9cnica. Gracias al tratamiento antibacteriano Sanitized\u00ae AG , su tejido se mantiene limpio durante m\u00e1s tiempo, evitando los malos olores. El\u00e1stico, ligero y sin costuras te protege del fr\u00edo en tus actividades al aire libre. Viste tu d\u00eda a d\u00eda con BANDANA, c\u00f3moda, pr\u00e1ctica y con estilo propio. FABRICADO CON FIBRA T\u00c9CNICA 100% POLI\u00c9STER DE ALTA CALIDAD GARANTIZANDO AISLAMIENTO T\u00c9RMICO Y TRANSPIRABILIDAD.","og_url":"https:\/\/www.windxtreme.eu\/producto\/bandana-mola\/","og_site_name":"Wind x-treme","article_modified_time":"2022-11-02T12:59:37+00:00","og_image":[{"width":1772,"height":1772,"url":"https:\/\/www.windxtreme.eu\/wp-content\/uploads\/2022\/06\/WDX19209-copia.jpg","type":"image\/jpeg"}],"twitter_card":"summary_large_image","schema":{"@context":"https:\/\/schema.org","@graph":[{"@type":"WebPage","@id":"https:\/\/www.windxtreme.eu\/producto\/bandana-mola\/","url":"https:\/\/www.windxtreme.eu\/producto\/bandana-mola\/","name":"BANDANA MOLA - Wind x-treme","isPartOf":{"@id":"https:\/\/www.windxtreme.eu\/#website"},"primaryImageOfPage":{"@id":"https:\/\/www.windxtreme.eu\/producto\/bandana-mola\/#primaryimage"},"image":{"@id":"https:\/\/www.windxtreme.eu\/producto\/bandana-mola\/#primaryimage"},"thumbnailUrl":"https:\/\/www.windxtreme.eu\/wp-content\/uploads\/2022\/06\/WDX19209-copia.jpg","datePublished":"2020-11-19T11:35:27+00:00","dateModified":"2022-11-02T12:59:37+00:00","breadcrumb":{"@id":"https:\/\/www.windxtreme.eu\/producto\/bandana-mola\/#breadcrumb"},"inLanguage":"en-US","potentialAction":[{"@type":"ReadAction","target":["https:\/\/www.windxtreme.eu\/producto\/bandana-mola\/"]}]},{"@type":"ImageObject","inLanguage":"en-US","@id":"https:\/\/www.windxtreme.eu\/producto\/bandana-mola\/#primaryimage","url":"https:\/\/www.windxtreme.eu\/wp-content\/uploads\/2022\/06\/WDX19209-copia.jpg","contentUrl":"https:\/\/www.windxtreme.eu\/wp-content\/uploads\/2022\/06\/WDX19209-copia.jpg","width":1772,"height":1772,"caption":"BANDANA MOLA"},{"@type":"BreadcrumbList","@id":"https:\/\/www.windxtreme.eu\/producto\/bandana-mola\/#breadcrumb","itemListElement":[{"@type":"ListItem","position":1,"name":"Portada","item":"https:\/\/www.windxtreme.eu\/"},{"@type":"ListItem","position":2,"name":"Shop","item":"https:\/\/www.windxtreme.eu\/en\/shop-2\/"},{"@type":"ListItem","position":3,"name":"BANDANA MOLA"}]},{"@type":"WebSite","@id":"https:\/\/www.windxtreme.eu\/#website","url":"https:\/\/www.windxtreme.eu\/","name":"Wind x-treme","description":"Neckwarmers, hats and headwear","potentialAction":[{"@type":"SearchAction","target":{"@type":"EntryPoint","urlTemplate":"https:\/\/www.windxtreme.eu\/?s={search_term_string}"},"query-input":"required name=search_term_string"}],"inLanguage":"en-US"}]}},"_links":{"self":[{"href":"https:\/\/www.windxtreme.eu\/en\/wp-json\/wp\/v2\/product\/7480"}],"collection":[{"href":"https:\/\/www.windxtreme.eu\/en\/wp-json\/wp\/v2\/product"}],"about":[{"href":"https:\/\/www.windxtreme.eu\/en\/wp-json\/wp\/v2\/types\/product"}],"version-history":[{"count":1,"href":"https:\/\/www.windxtreme.eu\/en\/wp-json\/wp\/v2\/product\/7480\/revisions"}],"predecessor-version":[{"id":7888,"href":"https:\/\/www.windxtreme.eu\/en\/wp-json\/wp\/v2\/product\/7480\/revisions\/7888"}],"wp:featuredmedia":[{"embeddable":true,"href":"https:\/\/www.windxtreme.eu\/en\/wp-json\/wp\/v2\/media\/15409"}],"wp:attachment":[{"href":"https:\/\/www.windxtreme.eu\/en\/wp-json\/wp\/v2\/media?parent=7480"}],"wp:term":[{"taxonomy":"product_cat","embeddable":true,"href":"https:\/\/www.windxtreme.eu\/en\/wp-json\/wp\/v2\/product_cat?post=7480"},{"taxonomy":"product_tag","embeddable":true,"href":"https:\/\/www.windxtreme.eu\/en\/wp-json\/wp\/v2\/product_tag?post=7480"}],"curies":[{"name":"wp","href":"https:\/\/api.w.org\/{rel}","templated":true}]}}