{"id":7492,"date":"2020-11-19T11:35:57","date_gmt":"2020-11-19T11:35:57","guid":{"rendered":"http:\/\/www.windxtreme.eu\/producto\/mintfluor\/"},"modified":"2022-11-02T15:32:40","modified_gmt":"2022-11-02T15:32:40","slug":"mintfluor","status":"publish","type":"product","link":"https:\/\/www.windxtreme.eu\/en\/producto\/mintfluor\/","title":{"rendered":"MINTFLUOR"},"content":{"rendered":"","protected":false},"excerpt":{"rendered":"<p>MINTWIND Tejido innovador que re\u00fane las mejores condiciones para optimizar tu rendimiento.<br \/>\nSu olor a menta ayuda a mantener abiertas las v\u00edas respiratorias, aportando inmejorables beneficios durante el ejercicio f\u00edsico.<br \/>\nConfeccionado con hilo 100 % reciclado, certificado seg\u00fan condiciones GRS (Global Recycled Standard), extremadamente transpirable, el\u00e1stico y tratado con Sanitized\u00ae antibacterias para garantizar una total protecci\u00f3n higi\u00e9nica. Algunos dise\u00f1os incorporan motivos reflectantes 3M Scotchlite aportando una mayor visibilidad en condiciones de poca luz.<br \/>\nDise\u00f1ado espec\u00edficamente para running &#038; cycling y deportistas exigentes que deseen mejorar su rendimiento con el m\u00e1ximo confort y seguridad.<\/p>\n","protected":false},"featured_media":15420,"template":"","meta":[],"product_cat":[195],"product_tag":[],"yoast_head":"<!-- This site is optimized with the Yoast SEO plugin v22.8 - https:\/\/yoast.com\/wordpress\/plugins\/seo\/ -->\n<title>MINTFLUOR - Wind x-treme<\/title>\n<meta name=\"robots\" content=\"index, follow, max-snippet:-1, max-image-preview:large, max-video-preview:-1\" \/>\n<link rel=\"canonical\" href=\"https:\/\/www.windxtreme.eu\/producto\/mintfluor\/\" \/>\n<meta property=\"og:locale\" content=\"en_US\" \/>\n<meta property=\"og:type\" content=\"article\" \/>\n<meta property=\"og:title\" content=\"MINTFLUOR - Wind x-treme\" \/>\n<meta property=\"og:description\" content=\"MINTWIND Tejido innovador que re\u00fane las mejores condiciones para optimizar tu rendimiento. Su olor a menta ayuda a mantener abiertas las v\u00edas respiratorias, aportando inmejorables beneficios durante el ejercicio f\u00edsico. Confeccionado con hilo 100 % reciclado, certificado seg\u00fan condiciones GRS (Global Recycled Standard), extremadamente transpirable, el\u00e1stico y tratado con Sanitized\u00ae antibacterias para garantizar una total protecci\u00f3n higi\u00e9nica. Algunos dise\u00f1os incorporan motivos reflectantes 3M Scotchlite aportando una mayor visibilidad en condiciones de poca luz. Dise\u00f1ado espec\u00edficamente para running &amp; cycling y deportistas exigentes que deseen mejorar su rendimiento con el m\u00e1ximo confort y seguridad.\" \/>\n<meta property=\"og:url\" content=\"https:\/\/www.windxtreme.eu\/producto\/mintfluor\/\" \/>\n<meta property=\"og:site_name\" content=\"Wind x-treme\" \/>\n<meta property=\"article:modified_time\" content=\"2022-11-02T15:32:40+00:00\" \/>\n<meta property=\"og:image\" content=\"https:\/\/www.windxtreme.eu\/wp-content\/uploads\/2022\/06\/WDX1289-copia.jpg\" \/>\n\t<meta property=\"og:image:width\" content=\"1000\" \/>\n\t<meta property=\"og:image:height\" content=\"1000\" \/>\n\t<meta property=\"og:image:type\" content=\"image\/jpeg\" \/>\n<meta name=\"twitter:card\" content=\"summary_large_image\" \/>\n<script type=\"application\/ld+json\" class=\"yoast-schema-graph\">{\"@context\":\"https:\/\/schema.org\",\"@graph\":[{\"@type\":\"WebPage\",\"@id\":\"https:\/\/www.windxtreme.eu\/producto\/mintfluor\/\",\"url\":\"https:\/\/www.windxtreme.eu\/producto\/mintfluor\/\",\"name\":\"MINTFLUOR - Wind x-treme\",\"isPartOf\":{\"@id\":\"https:\/\/www.windxtreme.eu\/#website\"},\"primaryImageOfPage\":{\"@id\":\"https:\/\/www.windxtreme.eu\/producto\/mintfluor\/#primaryimage\"},\"image\":{\"@id\":\"https:\/\/www.windxtreme.eu\/producto\/mintfluor\/#primaryimage\"},\"thumbnailUrl\":\"https:\/\/www.windxtreme.eu\/wp-content\/uploads\/2022\/06\/WDX1289-copia.jpg\",\"datePublished\":\"2020-11-19T11:35:57+00:00\",\"dateModified\":\"2022-11-02T15:32:40+00:00\",\"breadcrumb\":{\"@id\":\"https:\/\/www.windxtreme.eu\/producto\/mintfluor\/#breadcrumb\"},\"inLanguage\":\"en-US\",\"potentialAction\":[{\"@type\":\"ReadAction\",\"target\":[\"https:\/\/www.windxtreme.eu\/producto\/mintfluor\/\"]}]},{\"@type\":\"ImageObject\",\"inLanguage\":\"en-US\",\"@id\":\"https:\/\/www.windxtreme.eu\/producto\/mintfluor\/#primaryimage\",\"url\":\"https:\/\/www.windxtreme.eu\/wp-content\/uploads\/2022\/06\/WDX1289-copia.jpg\",\"contentUrl\":\"https:\/\/www.windxtreme.eu\/wp-content\/uploads\/2022\/06\/WDX1289-copia.jpg\",\"width\":1000,\"height\":1000,\"caption\":\"MINTFLUOR\"},{\"@type\":\"BreadcrumbList\",\"@id\":\"https:\/\/www.windxtreme.eu\/producto\/mintfluor\/#breadcrumb\",\"itemListElement\":[{\"@type\":\"ListItem\",\"position\":1,\"name\":\"Portada\",\"item\":\"https:\/\/www.windxtreme.eu\/\"},{\"@type\":\"ListItem\",\"position\":2,\"name\":\"Shop\",\"item\":\"https:\/\/www.windxtreme.eu\/en\/shop-2\/\"},{\"@type\":\"ListItem\",\"position\":3,\"name\":\"MINTFLUOR\"}]},{\"@type\":\"WebSite\",\"@id\":\"https:\/\/www.windxtreme.eu\/#website\",\"url\":\"https:\/\/www.windxtreme.eu\/\",\"name\":\"Wind x-treme\",\"description\":\"Neckwarmers, hats and headwear\",\"potentialAction\":[{\"@type\":\"SearchAction\",\"target\":{\"@type\":\"EntryPoint\",\"urlTemplate\":\"https:\/\/www.windxtreme.eu\/?s={search_term_string}\"},\"query-input\":\"required name=search_term_string\"}],\"inLanguage\":\"en-US\"}]}<\/script>\n<!-- \/ Yoast SEO plugin. -->","yoast_head_json":{"title":"MINTFLUOR - Wind x-treme","robots":{"index":"index","follow":"follow","max-snippet":"max-snippet:-1","max-image-preview":"max-image-preview:large","max-video-preview":"max-video-preview:-1"},"canonical":"https:\/\/www.windxtreme.eu\/producto\/mintfluor\/","og_locale":"en_US","og_type":"article","og_title":"MINTFLUOR - Wind x-treme","og_description":"MINTWIND Tejido innovador que re\u00fane las mejores condiciones para optimizar tu rendimiento. Su olor a menta ayuda a mantener abiertas las v\u00edas respiratorias, aportando inmejorables beneficios durante el ejercicio f\u00edsico. Confeccionado con hilo 100 % reciclado, certificado seg\u00fan condiciones GRS (Global Recycled Standard), extremadamente transpirable, el\u00e1stico y tratado con Sanitized\u00ae antibacterias para garantizar una total protecci\u00f3n higi\u00e9nica. Algunos dise\u00f1os incorporan motivos reflectantes 3M Scotchlite aportando una mayor visibilidad en condiciones de poca luz. Dise\u00f1ado espec\u00edficamente para running & cycling y deportistas exigentes que deseen mejorar su rendimiento con el m\u00e1ximo confort y seguridad.","og_url":"https:\/\/www.windxtreme.eu\/producto\/mintfluor\/","og_site_name":"Wind x-treme","article_modified_time":"2022-11-02T15:32:40+00:00","og_image":[{"width":1000,"height":1000,"url":"https:\/\/www.windxtreme.eu\/wp-content\/uploads\/2022\/06\/WDX1289-copia.jpg","type":"image\/jpeg"}],"twitter_card":"summary_large_image","schema":{"@context":"https:\/\/schema.org","@graph":[{"@type":"WebPage","@id":"https:\/\/www.windxtreme.eu\/producto\/mintfluor\/","url":"https:\/\/www.windxtreme.eu\/producto\/mintfluor\/","name":"MINTFLUOR - Wind x-treme","isPartOf":{"@id":"https:\/\/www.windxtreme.eu\/#website"},"primaryImageOfPage":{"@id":"https:\/\/www.windxtreme.eu\/producto\/mintfluor\/#primaryimage"},"image":{"@id":"https:\/\/www.windxtreme.eu\/producto\/mintfluor\/#primaryimage"},"thumbnailUrl":"https:\/\/www.windxtreme.eu\/wp-content\/uploads\/2022\/06\/WDX1289-copia.jpg","datePublished":"2020-11-19T11:35:57+00:00","dateModified":"2022-11-02T15:32:40+00:00","breadcrumb":{"@id":"https:\/\/www.windxtreme.eu\/producto\/mintfluor\/#breadcrumb"},"inLanguage":"en-US","potentialAction":[{"@type":"ReadAction","target":["https:\/\/www.windxtreme.eu\/producto\/mintfluor\/"]}]},{"@type":"ImageObject","inLanguage":"en-US","@id":"https:\/\/www.windxtreme.eu\/producto\/mintfluor\/#primaryimage","url":"https:\/\/www.windxtreme.eu\/wp-content\/uploads\/2022\/06\/WDX1289-copia.jpg","contentUrl":"https:\/\/www.windxtreme.eu\/wp-content\/uploads\/2022\/06\/WDX1289-copia.jpg","width":1000,"height":1000,"caption":"MINTFLUOR"},{"@type":"BreadcrumbList","@id":"https:\/\/www.windxtreme.eu\/producto\/mintfluor\/#breadcrumb","itemListElement":[{"@type":"ListItem","position":1,"name":"Portada","item":"https:\/\/www.windxtreme.eu\/"},{"@type":"ListItem","position":2,"name":"Shop","item":"https:\/\/www.windxtreme.eu\/en\/shop-2\/"},{"@type":"ListItem","position":3,"name":"MINTFLUOR"}]},{"@type":"WebSite","@id":"https:\/\/www.windxtreme.eu\/#website","url":"https:\/\/www.windxtreme.eu\/","name":"Wind x-treme","description":"Neckwarmers, hats and headwear","potentialAction":[{"@type":"SearchAction","target":{"@type":"EntryPoint","urlTemplate":"https:\/\/www.windxtreme.eu\/?s={search_term_string}"},"query-input":"required name=search_term_string"}],"inLanguage":"en-US"}]}},"_links":{"self":[{"href":"https:\/\/www.windxtreme.eu\/en\/wp-json\/wp\/v2\/product\/7492"}],"collection":[{"href":"https:\/\/www.windxtreme.eu\/en\/wp-json\/wp\/v2\/product"}],"about":[{"href":"https:\/\/www.windxtreme.eu\/en\/wp-json\/wp\/v2\/types\/product"}],"version-history":[{"count":1,"href":"https:\/\/www.windxtreme.eu\/en\/wp-json\/wp\/v2\/product\/7492\/revisions"}],"predecessor-version":[{"id":7899,"href":"https:\/\/www.windxtreme.eu\/en\/wp-json\/wp\/v2\/product\/7492\/revisions\/7899"}],"wp:featuredmedia":[{"embeddable":true,"href":"https:\/\/www.windxtreme.eu\/en\/wp-json\/wp\/v2\/media\/15420"}],"wp:attachment":[{"href":"https:\/\/www.windxtreme.eu\/en\/wp-json\/wp\/v2\/media?parent=7492"}],"wp:term":[{"taxonomy":"product_cat","embeddable":true,"href":"https:\/\/www.windxtreme.eu\/en\/wp-json\/wp\/v2\/product_cat?post=7492"},{"taxonomy":"product_tag","embeddable":true,"href":"https:\/\/www.windxtreme.eu\/en\/wp-json\/wp\/v2\/product_tag?post=7492"}],"curies":[{"name":"wp","href":"https:\/\/api.w.org\/{rel}","templated":true}]}}