{"id":7523,"date":"2020-11-19T11:37:06","date_gmt":"2020-11-19T11:37:06","guid":{"rendered":"http:\/\/www.windxtreme.eu\/producto\/windreflect-pink\/"},"modified":"2023-05-02T07:27:58","modified_gmt":"2023-05-02T07:27:58","slug":"windreflect-pink","status":"publish","type":"product","link":"https:\/\/www.windxtreme.eu\/en\/producto\/windreflect-pink\/","title":{"rendered":"WINDREFLECT PINK"},"content":{"rendered":"","protected":false},"excerpt":{"rendered":"<p>WINDREFLECT es la prenda ideal para practicar deportes al aire libre o, simplemente, para protegerte del fr\u00edo. Incorpora dos tiras verticales retroreflectantes para incrementar la visibilidad en condiciones de poca luz.<br \/>\nAporta un plus de seguridad en la pr\u00e1ctica de tus actividades deportivas.<br \/>\nFABRICADO CON FIBRA T\u00c9CNICA DE POLI\u00c9STER RECICLADO GARANTIZANDO AISLAMIENTO T\u00c9RMICO Y TRANSPIRABILIDAD.<\/p>\n","protected":false},"featured_media":15447,"template":"","meta":[],"product_cat":[197],"product_tag":[],"yoast_head":"<!-- This site is optimized with the Yoast SEO plugin v22.8 - https:\/\/yoast.com\/wordpress\/plugins\/seo\/ -->\n<title>WINDREFLECT PINK - Wind x-treme<\/title>\n<meta name=\"robots\" content=\"index, follow, max-snippet:-1, max-image-preview:large, max-video-preview:-1\" \/>\n<link rel=\"canonical\" href=\"https:\/\/www.windxtreme.eu\/producto\/windreflect-pink\/\" \/>\n<meta property=\"og:locale\" content=\"en_US\" \/>\n<meta property=\"og:type\" content=\"article\" \/>\n<meta property=\"og:title\" content=\"WINDREFLECT PINK - Wind x-treme\" \/>\n<meta property=\"og:description\" content=\"WINDREFLECT es la prenda ideal para practicar deportes al aire libre o, simplemente, para protegerte del fr\u00edo. Incorpora dos tiras verticales retroreflectantes para incrementar la visibilidad en condiciones de poca luz. Aporta un plus de seguridad en la pr\u00e1ctica de tus actividades deportivas. FABRICADO CON FIBRA T\u00c9CNICA DE POLI\u00c9STER RECICLADO GARANTIZANDO AISLAMIENTO T\u00c9RMICO Y TRANSPIRABILIDAD.\" \/>\n<meta property=\"og:url\" content=\"https:\/\/www.windxtreme.eu\/producto\/windreflect-pink\/\" \/>\n<meta property=\"og:site_name\" content=\"Wind x-treme\" \/>\n<meta property=\"article:modified_time\" content=\"2023-05-02T07:27:58+00:00\" \/>\n<meta property=\"og:image\" content=\"https:\/\/www.windxtreme.eu\/wp-content\/uploads\/2022\/06\/WDX61183-copia.jpg\" \/>\n\t<meta property=\"og:image:width\" content=\"709\" \/>\n\t<meta property=\"og:image:height\" content=\"709\" \/>\n\t<meta property=\"og:image:type\" content=\"image\/jpeg\" \/>\n<meta name=\"twitter:card\" content=\"summary_large_image\" \/>\n<script type=\"application\/ld+json\" class=\"yoast-schema-graph\">{\"@context\":\"https:\/\/schema.org\",\"@graph\":[{\"@type\":\"WebPage\",\"@id\":\"https:\/\/www.windxtreme.eu\/producto\/windreflect-pink\/\",\"url\":\"https:\/\/www.windxtreme.eu\/producto\/windreflect-pink\/\",\"name\":\"WINDREFLECT PINK - Wind x-treme\",\"isPartOf\":{\"@id\":\"https:\/\/www.windxtreme.eu\/#website\"},\"primaryImageOfPage\":{\"@id\":\"https:\/\/www.windxtreme.eu\/producto\/windreflect-pink\/#primaryimage\"},\"image\":{\"@id\":\"https:\/\/www.windxtreme.eu\/producto\/windreflect-pink\/#primaryimage\"},\"thumbnailUrl\":\"https:\/\/www.windxtreme.eu\/wp-content\/uploads\/2022\/06\/WDX61183-copia.jpg\",\"datePublished\":\"2020-11-19T11:37:06+00:00\",\"dateModified\":\"2023-05-02T07:27:58+00:00\",\"breadcrumb\":{\"@id\":\"https:\/\/www.windxtreme.eu\/producto\/windreflect-pink\/#breadcrumb\"},\"inLanguage\":\"en-US\",\"potentialAction\":[{\"@type\":\"ReadAction\",\"target\":[\"https:\/\/www.windxtreme.eu\/producto\/windreflect-pink\/\"]}]},{\"@type\":\"ImageObject\",\"inLanguage\":\"en-US\",\"@id\":\"https:\/\/www.windxtreme.eu\/producto\/windreflect-pink\/#primaryimage\",\"url\":\"https:\/\/www.windxtreme.eu\/wp-content\/uploads\/2022\/06\/WDX61183-copia.jpg\",\"contentUrl\":\"https:\/\/www.windxtreme.eu\/wp-content\/uploads\/2022\/06\/WDX61183-copia.jpg\",\"width\":709,\"height\":709,\"caption\":\"WINDREFLECT PINK\"},{\"@type\":\"BreadcrumbList\",\"@id\":\"https:\/\/www.windxtreme.eu\/producto\/windreflect-pink\/#breadcrumb\",\"itemListElement\":[{\"@type\":\"ListItem\",\"position\":1,\"name\":\"Portada\",\"item\":\"https:\/\/www.windxtreme.eu\/\"},{\"@type\":\"ListItem\",\"position\":2,\"name\":\"Shop\",\"item\":\"https:\/\/www.windxtreme.eu\/en\/shop-2\/\"},{\"@type\":\"ListItem\",\"position\":3,\"name\":\"WINDREFLECT PINK\"}]},{\"@type\":\"WebSite\",\"@id\":\"https:\/\/www.windxtreme.eu\/#website\",\"url\":\"https:\/\/www.windxtreme.eu\/\",\"name\":\"Wind x-treme\",\"description\":\"Neckwarmers, hats and headwear\",\"potentialAction\":[{\"@type\":\"SearchAction\",\"target\":{\"@type\":\"EntryPoint\",\"urlTemplate\":\"https:\/\/www.windxtreme.eu\/?s={search_term_string}\"},\"query-input\":\"required name=search_term_string\"}],\"inLanguage\":\"en-US\"}]}<\/script>\n<!-- \/ Yoast SEO plugin. -->","yoast_head_json":{"title":"WINDREFLECT PINK - Wind x-treme","robots":{"index":"index","follow":"follow","max-snippet":"max-snippet:-1","max-image-preview":"max-image-preview:large","max-video-preview":"max-video-preview:-1"},"canonical":"https:\/\/www.windxtreme.eu\/producto\/windreflect-pink\/","og_locale":"en_US","og_type":"article","og_title":"WINDREFLECT PINK - Wind x-treme","og_description":"WINDREFLECT es la prenda ideal para practicar deportes al aire libre o, simplemente, para protegerte del fr\u00edo. Incorpora dos tiras verticales retroreflectantes para incrementar la visibilidad en condiciones de poca luz. Aporta un plus de seguridad en la pr\u00e1ctica de tus actividades deportivas. FABRICADO CON FIBRA T\u00c9CNICA DE POLI\u00c9STER RECICLADO GARANTIZANDO AISLAMIENTO T\u00c9RMICO Y TRANSPIRABILIDAD.","og_url":"https:\/\/www.windxtreme.eu\/producto\/windreflect-pink\/","og_site_name":"Wind x-treme","article_modified_time":"2023-05-02T07:27:58+00:00","og_image":[{"width":709,"height":709,"url":"https:\/\/www.windxtreme.eu\/wp-content\/uploads\/2022\/06\/WDX61183-copia.jpg","type":"image\/jpeg"}],"twitter_card":"summary_large_image","schema":{"@context":"https:\/\/schema.org","@graph":[{"@type":"WebPage","@id":"https:\/\/www.windxtreme.eu\/producto\/windreflect-pink\/","url":"https:\/\/www.windxtreme.eu\/producto\/windreflect-pink\/","name":"WINDREFLECT PINK - Wind x-treme","isPartOf":{"@id":"https:\/\/www.windxtreme.eu\/#website"},"primaryImageOfPage":{"@id":"https:\/\/www.windxtreme.eu\/producto\/windreflect-pink\/#primaryimage"},"image":{"@id":"https:\/\/www.windxtreme.eu\/producto\/windreflect-pink\/#primaryimage"},"thumbnailUrl":"https:\/\/www.windxtreme.eu\/wp-content\/uploads\/2022\/06\/WDX61183-copia.jpg","datePublished":"2020-11-19T11:37:06+00:00","dateModified":"2023-05-02T07:27:58+00:00","breadcrumb":{"@id":"https:\/\/www.windxtreme.eu\/producto\/windreflect-pink\/#breadcrumb"},"inLanguage":"en-US","potentialAction":[{"@type":"ReadAction","target":["https:\/\/www.windxtreme.eu\/producto\/windreflect-pink\/"]}]},{"@type":"ImageObject","inLanguage":"en-US","@id":"https:\/\/www.windxtreme.eu\/producto\/windreflect-pink\/#primaryimage","url":"https:\/\/www.windxtreme.eu\/wp-content\/uploads\/2022\/06\/WDX61183-copia.jpg","contentUrl":"https:\/\/www.windxtreme.eu\/wp-content\/uploads\/2022\/06\/WDX61183-copia.jpg","width":709,"height":709,"caption":"WINDREFLECT PINK"},{"@type":"BreadcrumbList","@id":"https:\/\/www.windxtreme.eu\/producto\/windreflect-pink\/#breadcrumb","itemListElement":[{"@type":"ListItem","position":1,"name":"Portada","item":"https:\/\/www.windxtreme.eu\/"},{"@type":"ListItem","position":2,"name":"Shop","item":"https:\/\/www.windxtreme.eu\/en\/shop-2\/"},{"@type":"ListItem","position":3,"name":"WINDREFLECT PINK"}]},{"@type":"WebSite","@id":"https:\/\/www.windxtreme.eu\/#website","url":"https:\/\/www.windxtreme.eu\/","name":"Wind x-treme","description":"Neckwarmers, hats and headwear","potentialAction":[{"@type":"SearchAction","target":{"@type":"EntryPoint","urlTemplate":"https:\/\/www.windxtreme.eu\/?s={search_term_string}"},"query-input":"required name=search_term_string"}],"inLanguage":"en-US"}]}},"_links":{"self":[{"href":"https:\/\/www.windxtreme.eu\/en\/wp-json\/wp\/v2\/product\/7523"}],"collection":[{"href":"https:\/\/www.windxtreme.eu\/en\/wp-json\/wp\/v2\/product"}],"about":[{"href":"https:\/\/www.windxtreme.eu\/en\/wp-json\/wp\/v2\/types\/product"}],"version-history":[{"count":1,"href":"https:\/\/www.windxtreme.eu\/en\/wp-json\/wp\/v2\/product\/7523\/revisions"}],"predecessor-version":[{"id":7926,"href":"https:\/\/www.windxtreme.eu\/en\/wp-json\/wp\/v2\/product\/7523\/revisions\/7926"}],"wp:featuredmedia":[{"embeddable":true,"href":"https:\/\/www.windxtreme.eu\/en\/wp-json\/wp\/v2\/media\/15447"}],"wp:attachment":[{"href":"https:\/\/www.windxtreme.eu\/en\/wp-json\/wp\/v2\/media?parent=7523"}],"wp:term":[{"taxonomy":"product_cat","embeddable":true,"href":"https:\/\/www.windxtreme.eu\/en\/wp-json\/wp\/v2\/product_cat?post=7523"},{"taxonomy":"product_tag","embeddable":true,"href":"https:\/\/www.windxtreme.eu\/en\/wp-json\/wp\/v2\/product_tag?post=7523"}],"curies":[{"name":"wp","href":"https:\/\/api.w.org\/{rel}","templated":true}]}}