{"id":7530,"date":"2020-11-19T11:37:16","date_gmt":"2020-11-19T11:37:16","guid":{"rendered":"http:\/\/www.windxtreme.eu\/producto\/tubb-dry-tek-digital-camo-black\/"},"modified":"2023-05-02T08:04:23","modified_gmt":"2023-05-02T08:04:23","slug":"tubb-dry-tek-digital-camo-black","status":"publish","type":"product","link":"https:\/\/www.windxtreme.eu\/en\/producto\/tubb-dry-tek-digital-camo-black\/","title":{"rendered":"TUBB DRY-TEK DIGITAL CAMO BLACK"},"content":{"rendered":"","protected":false},"excerpt":{"rendered":"<p>Descubre el nuevo TUBB DRY-TEK: M\u00e1xima protecci\u00f3n contra el viento.<br \/>\nFabricado a partir de la membrana cortavientos ultra ligera TEK SERIES, de gran resistencia, el\u00e1stica en dos direcciones, repelente al agua y con un acabado aterciopelado interior. Su parte superior, completamente transpirable est\u00e1 confeccionada con hilo DRYTEX\u00ae THERMICAL que expulsa la humedad y retiene el calor, manteniendo la piel fresca y seca.<br \/>\nAdem\u00e1s, incorpora el tratamiento antibacterias Sanitized\u00ae AG que mantiene el producto limpio y sin olores durante m\u00e1s tiempo.<br \/>\nIdeal para motociclismo, ciclismo y para todas aquellas actividades en condiciones climatol\u00f3gicas extremas.<br \/>\nCARACTER\u00cdSTICAS T\u00c9CNICAS:<br \/>\nM\u00e1xima protecci\u00f3n contra el viento.<br \/>\nOptimas prestaciones contra los agentes atmosf\u00e9ricos, alta capacidad de transpirabilidad del sudor corporal.<br \/>\nLa membrana TEK SERIES\u00ae garantiza un gran confort, aislamiento t\u00e9rmico, versatilidad de uso y protecci\u00f3n contra el agua.<\/p>\n","protected":false},"featured_media":15453,"template":"","meta":[],"product_cat":[198],"product_tag":[],"yoast_head":"<!-- This site is optimized with the Yoast SEO plugin v22.8 - https:\/\/yoast.com\/wordpress\/plugins\/seo\/ -->\n<title>TUBB DRY-TEK DIGITAL CAMO BLACK - Wind x-treme<\/title>\n<meta name=\"robots\" content=\"index, follow, max-snippet:-1, max-image-preview:large, max-video-preview:-1\" \/>\n<link rel=\"canonical\" href=\"https:\/\/www.windxtreme.eu\/producto\/tubb-dry-tek-digital-camo-black\/\" \/>\n<meta property=\"og:locale\" content=\"en_US\" \/>\n<meta property=\"og:type\" content=\"article\" \/>\n<meta property=\"og:title\" content=\"TUBB DRY-TEK DIGITAL CAMO BLACK - Wind x-treme\" \/>\n<meta property=\"og:description\" content=\"Descubre el nuevo TUBB DRY-TEK: M\u00e1xima protecci\u00f3n contra el viento. Fabricado a partir de la membrana cortavientos ultra ligera TEK SERIES, de gran resistencia, el\u00e1stica en dos direcciones, repelente al agua y con un acabado aterciopelado interior. Su parte superior, completamente transpirable est\u00e1 confeccionada con hilo DRYTEX\u00ae THERMICAL que expulsa la humedad y retiene el calor, manteniendo la piel fresca y seca. Adem\u00e1s, incorpora el tratamiento antibacterias Sanitized\u00ae AG que mantiene el producto limpio y sin olores durante m\u00e1s tiempo. Ideal para motociclismo, ciclismo y para todas aquellas actividades en condiciones climatol\u00f3gicas extremas. CARACTER\u00cdSTICAS T\u00c9CNICAS: M\u00e1xima protecci\u00f3n contra el viento. Optimas prestaciones contra los agentes atmosf\u00e9ricos, alta capacidad de transpirabilidad del sudor corporal. La membrana TEK SERIES\u00ae garantiza un gran confort, aislamiento t\u00e9rmico, versatilidad de uso y protecci\u00f3n contra el agua.\" \/>\n<meta property=\"og:url\" content=\"https:\/\/www.windxtreme.eu\/producto\/tubb-dry-tek-digital-camo-black\/\" \/>\n<meta property=\"og:site_name\" content=\"Wind x-treme\" \/>\n<meta property=\"article:modified_time\" content=\"2023-05-02T08:04:23+00:00\" \/>\n<meta property=\"og:image\" content=\"https:\/\/www.windxtreme.eu\/wp-content\/uploads\/2022\/06\/WDX10598-copia.jpg\" \/>\n\t<meta property=\"og:image:width\" content=\"1000\" \/>\n\t<meta property=\"og:image:height\" content=\"1000\" \/>\n\t<meta property=\"og:image:type\" content=\"image\/jpeg\" \/>\n<meta name=\"twitter:card\" content=\"summary_large_image\" \/>\n<script type=\"application\/ld+json\" class=\"yoast-schema-graph\">{\"@context\":\"https:\/\/schema.org\",\"@graph\":[{\"@type\":\"WebPage\",\"@id\":\"https:\/\/www.windxtreme.eu\/producto\/tubb-dry-tek-digital-camo-black\/\",\"url\":\"https:\/\/www.windxtreme.eu\/producto\/tubb-dry-tek-digital-camo-black\/\",\"name\":\"TUBB DRY-TEK DIGITAL CAMO BLACK - Wind x-treme\",\"isPartOf\":{\"@id\":\"https:\/\/www.windxtreme.eu\/#website\"},\"primaryImageOfPage\":{\"@id\":\"https:\/\/www.windxtreme.eu\/producto\/tubb-dry-tek-digital-camo-black\/#primaryimage\"},\"image\":{\"@id\":\"https:\/\/www.windxtreme.eu\/producto\/tubb-dry-tek-digital-camo-black\/#primaryimage\"},\"thumbnailUrl\":\"https:\/\/www.windxtreme.eu\/wp-content\/uploads\/2022\/06\/WDX10598-copia.jpg\",\"datePublished\":\"2020-11-19T11:37:16+00:00\",\"dateModified\":\"2023-05-02T08:04:23+00:00\",\"breadcrumb\":{\"@id\":\"https:\/\/www.windxtreme.eu\/producto\/tubb-dry-tek-digital-camo-black\/#breadcrumb\"},\"inLanguage\":\"en-US\",\"potentialAction\":[{\"@type\":\"ReadAction\",\"target\":[\"https:\/\/www.windxtreme.eu\/producto\/tubb-dry-tek-digital-camo-black\/\"]}]},{\"@type\":\"ImageObject\",\"inLanguage\":\"en-US\",\"@id\":\"https:\/\/www.windxtreme.eu\/producto\/tubb-dry-tek-digital-camo-black\/#primaryimage\",\"url\":\"https:\/\/www.windxtreme.eu\/wp-content\/uploads\/2022\/06\/WDX10598-copia.jpg\",\"contentUrl\":\"https:\/\/www.windxtreme.eu\/wp-content\/uploads\/2022\/06\/WDX10598-copia.jpg\",\"width\":1000,\"height\":1000,\"caption\":\"TUBB DRY-TEK DIGITAL CAMO BLACK\"},{\"@type\":\"BreadcrumbList\",\"@id\":\"https:\/\/www.windxtreme.eu\/producto\/tubb-dry-tek-digital-camo-black\/#breadcrumb\",\"itemListElement\":[{\"@type\":\"ListItem\",\"position\":1,\"name\":\"Portada\",\"item\":\"https:\/\/www.windxtreme.eu\/\"},{\"@type\":\"ListItem\",\"position\":2,\"name\":\"Shop\",\"item\":\"https:\/\/www.windxtreme.eu\/en\/shop-2\/\"},{\"@type\":\"ListItem\",\"position\":3,\"name\":\"TUBB DRY-TEK DIGITAL CAMO BLACK\"}]},{\"@type\":\"WebSite\",\"@id\":\"https:\/\/www.windxtreme.eu\/#website\",\"url\":\"https:\/\/www.windxtreme.eu\/\",\"name\":\"Wind x-treme\",\"description\":\"Neckwarmers, hats and headwear\",\"potentialAction\":[{\"@type\":\"SearchAction\",\"target\":{\"@type\":\"EntryPoint\",\"urlTemplate\":\"https:\/\/www.windxtreme.eu\/?s={search_term_string}\"},\"query-input\":\"required name=search_term_string\"}],\"inLanguage\":\"en-US\"}]}<\/script>\n<!-- \/ Yoast SEO plugin. -->","yoast_head_json":{"title":"TUBB DRY-TEK DIGITAL CAMO BLACK - Wind x-treme","robots":{"index":"index","follow":"follow","max-snippet":"max-snippet:-1","max-image-preview":"max-image-preview:large","max-video-preview":"max-video-preview:-1"},"canonical":"https:\/\/www.windxtreme.eu\/producto\/tubb-dry-tek-digital-camo-black\/","og_locale":"en_US","og_type":"article","og_title":"TUBB DRY-TEK DIGITAL CAMO BLACK - Wind x-treme","og_description":"Descubre el nuevo TUBB DRY-TEK: M\u00e1xima protecci\u00f3n contra el viento. Fabricado a partir de la membrana cortavientos ultra ligera TEK SERIES, de gran resistencia, el\u00e1stica en dos direcciones, repelente al agua y con un acabado aterciopelado interior. Su parte superior, completamente transpirable est\u00e1 confeccionada con hilo DRYTEX\u00ae THERMICAL que expulsa la humedad y retiene el calor, manteniendo la piel fresca y seca. Adem\u00e1s, incorpora el tratamiento antibacterias Sanitized\u00ae AG que mantiene el producto limpio y sin olores durante m\u00e1s tiempo. Ideal para motociclismo, ciclismo y para todas aquellas actividades en condiciones climatol\u00f3gicas extremas. CARACTER\u00cdSTICAS T\u00c9CNICAS: M\u00e1xima protecci\u00f3n contra el viento. Optimas prestaciones contra los agentes atmosf\u00e9ricos, alta capacidad de transpirabilidad del sudor corporal. La membrana TEK SERIES\u00ae garantiza un gran confort, aislamiento t\u00e9rmico, versatilidad de uso y protecci\u00f3n contra el agua.","og_url":"https:\/\/www.windxtreme.eu\/producto\/tubb-dry-tek-digital-camo-black\/","og_site_name":"Wind x-treme","article_modified_time":"2023-05-02T08:04:23+00:00","og_image":[{"width":1000,"height":1000,"url":"https:\/\/www.windxtreme.eu\/wp-content\/uploads\/2022\/06\/WDX10598-copia.jpg","type":"image\/jpeg"}],"twitter_card":"summary_large_image","schema":{"@context":"https:\/\/schema.org","@graph":[{"@type":"WebPage","@id":"https:\/\/www.windxtreme.eu\/producto\/tubb-dry-tek-digital-camo-black\/","url":"https:\/\/www.windxtreme.eu\/producto\/tubb-dry-tek-digital-camo-black\/","name":"TUBB DRY-TEK DIGITAL CAMO BLACK - Wind x-treme","isPartOf":{"@id":"https:\/\/www.windxtreme.eu\/#website"},"primaryImageOfPage":{"@id":"https:\/\/www.windxtreme.eu\/producto\/tubb-dry-tek-digital-camo-black\/#primaryimage"},"image":{"@id":"https:\/\/www.windxtreme.eu\/producto\/tubb-dry-tek-digital-camo-black\/#primaryimage"},"thumbnailUrl":"https:\/\/www.windxtreme.eu\/wp-content\/uploads\/2022\/06\/WDX10598-copia.jpg","datePublished":"2020-11-19T11:37:16+00:00","dateModified":"2023-05-02T08:04:23+00:00","breadcrumb":{"@id":"https:\/\/www.windxtreme.eu\/producto\/tubb-dry-tek-digital-camo-black\/#breadcrumb"},"inLanguage":"en-US","potentialAction":[{"@type":"ReadAction","target":["https:\/\/www.windxtreme.eu\/producto\/tubb-dry-tek-digital-camo-black\/"]}]},{"@type":"ImageObject","inLanguage":"en-US","@id":"https:\/\/www.windxtreme.eu\/producto\/tubb-dry-tek-digital-camo-black\/#primaryimage","url":"https:\/\/www.windxtreme.eu\/wp-content\/uploads\/2022\/06\/WDX10598-copia.jpg","contentUrl":"https:\/\/www.windxtreme.eu\/wp-content\/uploads\/2022\/06\/WDX10598-copia.jpg","width":1000,"height":1000,"caption":"TUBB DRY-TEK DIGITAL CAMO BLACK"},{"@type":"BreadcrumbList","@id":"https:\/\/www.windxtreme.eu\/producto\/tubb-dry-tek-digital-camo-black\/#breadcrumb","itemListElement":[{"@type":"ListItem","position":1,"name":"Portada","item":"https:\/\/www.windxtreme.eu\/"},{"@type":"ListItem","position":2,"name":"Shop","item":"https:\/\/www.windxtreme.eu\/en\/shop-2\/"},{"@type":"ListItem","position":3,"name":"TUBB DRY-TEK DIGITAL CAMO BLACK"}]},{"@type":"WebSite","@id":"https:\/\/www.windxtreme.eu\/#website","url":"https:\/\/www.windxtreme.eu\/","name":"Wind x-treme","description":"Neckwarmers, hats and headwear","potentialAction":[{"@type":"SearchAction","target":{"@type":"EntryPoint","urlTemplate":"https:\/\/www.windxtreme.eu\/?s={search_term_string}"},"query-input":"required name=search_term_string"}],"inLanguage":"en-US"}]}},"_links":{"self":[{"href":"https:\/\/www.windxtreme.eu\/en\/wp-json\/wp\/v2\/product\/7530"}],"collection":[{"href":"https:\/\/www.windxtreme.eu\/en\/wp-json\/wp\/v2\/product"}],"about":[{"href":"https:\/\/www.windxtreme.eu\/en\/wp-json\/wp\/v2\/types\/product"}],"version-history":[{"count":1,"href":"https:\/\/www.windxtreme.eu\/en\/wp-json\/wp\/v2\/product\/7530\/revisions"}],"predecessor-version":[{"id":7932,"href":"https:\/\/www.windxtreme.eu\/en\/wp-json\/wp\/v2\/product\/7530\/revisions\/7932"}],"wp:featuredmedia":[{"embeddable":true,"href":"https:\/\/www.windxtreme.eu\/en\/wp-json\/wp\/v2\/media\/15453"}],"wp:attachment":[{"href":"https:\/\/www.windxtreme.eu\/en\/wp-json\/wp\/v2\/media?parent=7530"}],"wp:term":[{"taxonomy":"product_cat","embeddable":true,"href":"https:\/\/www.windxtreme.eu\/en\/wp-json\/wp\/v2\/product_cat?post=7530"},{"taxonomy":"product_tag","embeddable":true,"href":"https:\/\/www.windxtreme.eu\/en\/wp-json\/wp\/v2\/product_tag?post=7530"}],"curies":[{"name":"wp","href":"https:\/\/api.w.org\/{rel}","templated":true}]}}